{"id":904,"date":"2019-08-19T16:28:48","date_gmt":"2019-08-19T14:28:48","guid":{"rendered":"http:\/\/harasdesisles.com\/?page_id=904"},"modified":"2020-09-12T12:29:53","modified_gmt":"2020-09-12T10:29:53","slug":"installations","status":"publish","type":"page","link":"https:\/\/harasdesisles.com\/index.php\/installations\/","title":{"rendered":"Installations"},"content":{"rendered":"<div id=\"themify_builder_content-904\" data-postid=\"904\" class=\"themify_builder_content themify_builder_content-904 themify_builder\">\n    \t<!-- module_row -->\n\t<div   class=\"themify_builder_row module_row clearfix module_row_0 themify_builder_904_row module_row_904-0 tb_nx4q833\">\n\t    \t    <div class=\"row_inner col_align_middle gutter-narrow\" >\n\t\t\t<div  class=\"module_column tb-column col3-1 first tb_904_column module_column_0 module_column_904-0-0 tb_ws7j880\">\n\t    \t    \t        <div class=\"tb-column-inner\">\n\t\t        <!-- module image -->\n    <div  class=\"module module-image tb_v3cp333  image-top  \">\n\t                <div class=\"image-wrap\">\n                            <img loading=\"lazy\" src=\"http:\/\/harasdesisles.com\/wp-content\/uploads\/2019\/08\/entr\u00e9e-man\u00e8ge-1024x768-373x280.jpg\" width=\"373\" height=\"280\" class=\" wp-post-image wp-image-842\" title=\"entr\u00e9e man\u00e8ge\" alt=\"entr\u00e9e man\u00e8ge\" srcset=\"https:\/\/harasdesisles.com\/wp-content\/uploads\/2019\/08\/entr\u00e9e-man\u00e8ge-1024x768-373x280.jpg 373w, https:\/\/harasdesisles.com\/wp-content\/uploads\/2019\/08\/entr\u00e9e-man\u00e8ge-300x225.jpg 300w, https:\/\/harasdesisles.com\/wp-content\/uploads\/2019\/08\/entr\u00e9e-man\u00e8ge-768x576.jpg 768w, https:\/\/harasdesisles.com\/wp-content\/uploads\/2019\/08\/entr\u00e9e-man\u00e8ge-1024x768.jpg 1024w\" sizes=\"(max-width: 373px) 100vw, 373px\" \/>            \n                        <\/div>\n            <!-- \/image-wrap -->\n        \n        \n        <\/div>\n    <!-- \/module image -->\n\t        <\/div>\n\t    \t<\/div>\n\t\t<div  class=\"module_column tb-column col3-1 middle tb_904_column module_column_1 module_column_904-0-1 tb_sere232\">\n\t    \t    \t        <div class=\"tb-column-inner\">\n\t\t        <!-- module image -->\n    <div  class=\"module module-image tb_bq4z223  image-top  \">\n\t                <div class=\"image-wrap\">\n                            <img loading=\"lazy\" src=\"http:\/\/harasdesisles.com\/wp-content\/uploads\/2019\/08\/Harasdesisles_9-1024x683-373x280.jpg\" width=\"373\" height=\"280\" class=\" wp-post-image wp-image-1234\" title=\"Harasdesisles_9\" alt=\"Harasdesisles_9\" \/>            \n                        <\/div>\n            <!-- \/image-wrap -->\n        \n        \n        <\/div>\n    <!-- \/module image -->\n\t        <\/div>\n\t    \t<\/div>\n\t\t<div  class=\"module_column tb-column col3-1 last tb_904_column module_column_2 module_column_904-0-2 tb_7pxd080\">\n\t    \t    \t        <div class=\"tb-column-inner\">\n\t\t        <!-- module image -->\n    <div  class=\"module module-image tb_pg8h003  image-top  \">\n\t                <div class=\"image-wrap\">\n                            <img loading=\"lazy\" src=\"http:\/\/harasdesisles.com\/wp-content\/uploads\/2019\/08\/Harasdesisles_14-1024x576-373x280.jpg\" width=\"373\" height=\"280\" class=\" wp-post-image wp-image-1233\" title=\"Harasdesisles_14\" alt=\"Harasdesisles_14\" \/>            \n                        <\/div>\n            <!-- \/image-wrap -->\n        \n        \n        <\/div>\n    <!-- \/module image -->\n\t        <\/div>\n\t    \t<\/div>\n\t\t    <\/div>\n\t    <!-- \/row_inner -->\n\t<\/div>\n\t<!-- \/module_row -->\n\t\t<!-- module_row -->\n\t<div   class=\"themify_builder_row module_row clearfix module_row_1 themify_builder_904_row module_row_904-1 tb_jer2868\">\n\t    \t    <div class=\"row_inner col_align_top gutter-narrow\" >\n\t\t\t<div  class=\"module_column tb-column col3-2 first tb_904_column module_column_0 module_column_904-1-0 tb_zhbw003\" style=\"width: 60%\">\n\t    \t    \t        <div class=\"tb-column-inner\">\n\t\t        <!-- module image -->\n    <div  class=\"module module-image tb_s6am930  image-top  \">\n\t                <div class=\"image-wrap\">\n                            <img loading=\"lazy\" src=\"http:\/\/harasdesisles.com\/wp-content\/uploads\/2019\/08\/IMG_4256-1-1024x683-768x517.jpg\" width=\"768\" height=\"517\" class=\" wp-post-image wp-image-848\" title=\"IMG_4256\" alt=\"IMG_4256\" \/>            \n                        <\/div>\n            <!-- \/image-wrap -->\n        \n        \n        <\/div>\n    <!-- \/module image -->\n<!-- module text -->\n<div  class=\"module module-text tb_ym9q990    \">\n            <div  class=\"tb_text_wrap\">\n    <h3 style=\"text-align: center;\">Pour le confort de vos chevaux au sein de l\u2019\u00e9curie<\/h3>    <\/div>\n<\/div>\n<!-- \/module text -->\n\t<div  class=\"themify_builder_sub_row module_subrow clearfix sub_row_1-0-2 tb_mclo022\">\n\t    \t    <div class=\"subrow_inner col_align_top\" >\n\t\t\t<div  class=\"sub_column module_column col3-1 first sub_column_post_904 sub_column_1-0-2-0 tb_5f05813 repeat\" > \n\t    \t    \t        <div class=\"tb-column-inner\">\n\t\t    <!-- module text -->\n<div  class=\"module module-text tb_c42r200    \">\n            <div  class=\"tb_text_wrap\">\n    <p style=\"text-align: center;\">2 douches int\u00e9rieures<br \/><br \/><\/p>    <\/div>\n<\/div>\n<!-- \/module text -->\n\t        <\/div>\n\t    \t<\/div>\n\t\t<div  class=\"sub_column module_column col3-1 middle sub_column_post_904 sub_column_1-0-2-1 tb_tpu0919 repeat\" > \n\t    \t    \t        <div class=\"tb-column-inner\">\n\t\t    <!-- module text -->\n<div  class=\"module module-text tb_k99p409    \">\n            <div  class=\"tb_text_wrap\">\n    <p style=\"text-align: center;\">3 douches ext\u00e9rieures<\/p>    <\/div>\n<\/div>\n<!-- \/module text -->\n\t        <\/div>\n\t    \t<\/div>\n\t\t<div  class=\"sub_column module_column col3-1 last sub_column_post_904 sub_column_1-0-2-2 tb_tklp192 repeat\" > \n\t    \t    \t        <div class=\"tb-column-inner\">\n\t\t    <!-- module text -->\n<div  class=\"module module-text tb_ba86712    \">\n            <div  class=\"tb_text_wrap\">\n    <p style=\"text-align: center;\">3 aire de pr\u00e9paration int\u00e9rieure\u00a0<br \/>et 2 aires ext\u00e9rieures<\/p>    <\/div>\n<\/div>\n<!-- \/module text -->\n\t        <\/div>\n\t    \t<\/div>\n\t\t    <\/div>\n\t<\/div><!-- \/themify_builder_sub_row -->\n\t\t<div  class=\"themify_builder_sub_row module_subrow clearfix sub_row_1-0-3 tb_sory313\">\n\t    \t    <div class=\"subrow_inner col_align_top\" >\n\t\t\t<div  class=\"sub_column module_column col-full first sub_column_post_904 sub_column_1-0-3-0 tb_m0gk315\"> \n\t    \t    \t<\/div>\n\t\t    <\/div>\n\t<\/div><!-- \/themify_builder_sub_row -->\n\t<!-- module text -->\n<div  class=\"module module-text tb_1s0h752    \">\n            <div  class=\"tb_text_wrap\">\n    <h3 style=\"text-align: center;\">Et pour le confort des cavaliers\u00a0<\/h3>    <\/div>\n<\/div>\n<!-- \/module text -->\n\t<div  class=\"themify_builder_sub_row module_subrow clearfix sub_row_1-0-5 tb_ffn9352\">\n\t    \t    <div class=\"subrow_inner col_align_top\" >\n\t\t\t<div  class=\"sub_column module_column col3-1 first sub_column_post_904 sub_column_1-0-5-0 tb_nekd352 repeat\" > \n\t    \t    \t        <div class=\"tb-column-inner\">\n\t\t    <!-- module text -->\n<div  class=\"module module-text tb_7der660    \">\n            <div  class=\"tb_text_wrap\">\n    <p>Trois selleries s\u00e9curis\u00e9es o\u00f9 chaque cavalier \u00e0 sa propre cl\u00e9.<\/p>    <\/div>\n<\/div>\n<!-- \/module text -->\n\t        <\/div>\n\t    \t<\/div>\n\t\t<div  class=\"sub_column module_column col3-1 middle sub_column_post_904 sub_column_1-0-5-1 tb_v68d352 repeat\" > \n\t    \t    \t        <div class=\"tb-column-inner\">\n\t\t    <!-- module text -->\n<div  class=\"module module-text tb_c4d0151    \">\n            <div  class=\"tb_text_wrap\">\n    <p>Des chariots mis \u00e0 disposition pour vous faciliter le transports de vos affaires jusqu\u2019aux aires de pr\u00e9parations.<\/p>    <\/div>\n<\/div>\n<!-- \/module text -->\n\t        <\/div>\n\t    \t<\/div>\n\t\t<div  class=\"sub_column module_column col3-1 last sub_column_post_904 sub_column_1-0-5-2 tb_6cnt353 repeat\" > \n\t    \t    \t        <div class=\"tb-column-inner\">\n\t\t    <!-- module text -->\n<div  class=\"module module-text tb_hpey915    \">\n            <div  class=\"tb_text_wrap\">\n    <p>Un club house o\u00f9 vous serez vous arr\u00eater pour vous d\u00e9tendre un instant donnant sur le sole pleureur qui saurez vous charmez l\u2019\u00e9t\u00e9 gr\u00e2ce \u00e0 son ombrage.<\/p>    <\/div>\n<\/div>\n<!-- \/module text -->\n\t        <\/div>\n\t    \t<\/div>\n\t\t    <\/div>\n\t<\/div><!-- \/themify_builder_sub_row -->\n\t\t        <\/div>\n\t    \t<\/div>\n\t\t<div  class=\"module_column tb-column col3-1 last tb_904_column module_column_1 module_column_904-1-1 tb_5tee032\" style=\"width: 38.4%\" >\n\t    \t    \t        <div class=\"tb-column-inner\">\n\t\t    <!-- module text -->\n<div  class=\"module module-text tb_yppc070    \">\n            <div  class=\"tb_text_wrap\">\n    <h2>Nos installations<\/h2>\n<p>+ Un man\u00e8ge couvert 45&#215;20 en sable blanc ;<br \/>+ Une carri\u00e8re 85&#215;45 en sable Bore sol;<br \/>+ Un rond ovale en dur de 21&#215;18 en sable blanc.<br \/>+ Piste de galop de 1 km<\/p>\n<h5>Les sols sont hers\u00e9s et arros\u00e9s r\u00e9guli\u00e8rement.\u00a0<\/h5>\n<p>+ Des paddocks individuels<br \/>+ Piste de pas, pour d\u00e9tendre vos chevaux autour des paddocks<br \/>+ Champ de 3 hectares et demi pour faire brouter vos chevaux\u00a0<\/p>\n<p>Le tout dans un lieu s\u00e9curis\u00e9 !<\/p>    <\/div>\n<\/div>\n<!-- \/module text -->\n    <!-- module image -->\n    <div  class=\"module module-image tb_j60b83  image-top  \">\n\t                <div class=\"image-wrap\">\n                            <img loading=\"lazy\" width=\"3609\" height=\"4476\" src=\"http:\/\/harasdesisles.com\/wp-content\/uploads\/2019\/08\/Harasdesisles_10-1.jpg\" class=\" wp-post-image wp-image-1332\" title=\"Harasdesisles_10\" alt=\"Harasdesisles_10\" srcset=\"https:\/\/harasdesisles.com\/wp-content\/uploads\/2019\/08\/Harasdesisles_10-1.jpg 3609w, https:\/\/harasdesisles.com\/wp-content\/uploads\/2019\/08\/Harasdesisles_10-1-242x300.jpg 242w, https:\/\/harasdesisles.com\/wp-content\/uploads\/2019\/08\/Harasdesisles_10-1-768x952.jpg 768w, https:\/\/harasdesisles.com\/wp-content\/uploads\/2019\/08\/Harasdesisles_10-1-826x1024.jpg 826w, https:\/\/harasdesisles.com\/wp-content\/uploads\/2019\/08\/Harasdesisles_10-1-826x1024-241x300.jpg 241w, https:\/\/harasdesisles.com\/wp-content\/uploads\/2019\/08\/Harasdesisles_10-1-826x1024-16x20.jpg 16w, https:\/\/harasdesisles.com\/wp-content\/uploads\/2019\/08\/Harasdesisles_10-1-826x1024-40x50.jpg 40w\" sizes=\"(max-width: 3609px) 100vw, 3609px\" \/>            \n                        <\/div>\n            <!-- \/image-wrap -->\n        \n        \n        <\/div>\n    <!-- \/module image -->\n\t        <\/div>\n\t    \t<\/div>\n\t\t    <\/div>\n\t    <!-- \/row_inner -->\n\t<\/div>\n\t<!-- \/module_row -->\n\t\t<!-- module_row -->\n\t<div   class=\"themify_builder_row module_row clearfix module_row_2 themify_builder_904_row module_row_904-2 tb_1pdn752\">\n\t    \t    <div class=\"row_inner col_align_top\" >\n\t\t\t<div  class=\"module_column tb-column col-full first tb_904_column module_column_0 module_column_904-2-0 tb_epxp651\" >\n\t    \t    \t        <div class=\"tb-column-inner\">\n\t\t        <!-- module divider -->\n    <div  class=\"module module-divider tb_8yaq652 solid    \" style=\"border-width: 2px;border-color: #f1d9b8;\">\n\t            <\/div>\n    <!-- \/module divider -->\n<!-- module text -->\n<div  class=\"module module-text tb_qeb2652    \">\n            <div  class=\"tb_text_wrap\">\n    <h2 style=\"text-align: center;\">Et le reste de la famille&#8230;<\/h2>    <\/div>\n<\/div>\n<!-- \/module text -->\n    <!-- module gallery -->\n    <div  class=\"module gallery module-gallery tb_fe77653 gallery-columns-5  layout-grid   \">\n\t                \n    <dl class=\"gallery-item\">\n        <dt class=\"gallery-icon\">\n        <a data-title=\"no\" title=\"\" href=\"https:\/\/harasdesisles.com\/wp-content\/uploads\/2019\/08\/IMG_9410.jpg\"><img loading=\"lazy\" width=\"1024\" height=\"683\" src=\"https:\/\/harasdesisles.com\/wp-content\/uploads\/2019\/08\/IMG_9410-1024x683.jpg\" class=\" wp-post-image wp-image-1560\" title=\"IMG_9410\" alt=\"IMG_9410\" srcset=\"https:\/\/harasdesisles.com\/wp-content\/uploads\/2019\/08\/IMG_9410-1024x683.jpg 1024w, https:\/\/harasdesisles.com\/wp-content\/uploads\/2019\/08\/IMG_9410-1024x683-300x200.jpg 300w, https:\/\/harasdesisles.com\/wp-content\/uploads\/2019\/08\/IMG_9410-768x512.jpg 768w, https:\/\/harasdesisles.com\/wp-content\/uploads\/2019\/08\/IMG_9410-1024x683-449x300.jpg 449w, https:\/\/harasdesisles.com\/wp-content\/uploads\/2019\/08\/IMG_9410-1024x683-270x180.jpg 270w\" sizes=\"(max-width: 1024px) 100vw, 1024px\" \/><\/a>        <\/dt>\n        <dd>\n                                <\/dd>\n    <\/dl>\n\n\n    <dl class=\"gallery-item\">\n        <dt class=\"gallery-icon\">\n        <a data-title=\"no\" title=\"\" href=\"https:\/\/harasdesisles.com\/wp-content\/uploads\/2019\/08\/Harasdesisles_23.jpg\"><img loading=\"lazy\" width=\"1024\" height=\"683\" src=\"https:\/\/harasdesisles.com\/wp-content\/uploads\/2019\/08\/Harasdesisles_23-1024x683.jpg\" class=\" wp-post-image wp-image-1325\" title=\"Harasdesisles_23\" alt=\"Harasdesisles_23\" srcset=\"https:\/\/harasdesisles.com\/wp-content\/uploads\/2019\/08\/Harasdesisles_23-1024x683.jpg 1024w, https:\/\/harasdesisles.com\/wp-content\/uploads\/2019\/08\/Harasdesisles_23-1024x683-300x200.jpg 300w, https:\/\/harasdesisles.com\/wp-content\/uploads\/2019\/08\/Harasdesisles_23-768x512.jpg 768w, https:\/\/harasdesisles.com\/wp-content\/uploads\/2019\/08\/Harasdesisles_23-1024x683-449x300.jpg 449w\" sizes=\"(max-width: 1024px) 100vw, 1024px\" \/><\/a>        <\/dt>\n        <dd>\n                                <\/dd>\n    <\/dl>\n\n\n    <dl class=\"gallery-item\">\n        <dt class=\"gallery-icon\">\n        <a data-title=\"no\" title=\"\" href=\"https:\/\/harasdesisles.com\/wp-content\/uploads\/2019\/08\/Harasdesisles_28.jpg\"><img loading=\"lazy\" width=\"1024\" height=\"683\" src=\"https:\/\/harasdesisles.com\/wp-content\/uploads\/2019\/08\/Harasdesisles_28-1024x683.jpg\" class=\" wp-post-image wp-image-1326\" title=\"Harasdesisles_28\" alt=\"Harasdesisles_28\" srcset=\"https:\/\/harasdesisles.com\/wp-content\/uploads\/2019\/08\/Harasdesisles_28-1024x683.jpg 1024w, https:\/\/harasdesisles.com\/wp-content\/uploads\/2019\/08\/Harasdesisles_28-1024x683-300x200.jpg 300w, https:\/\/harasdesisles.com\/wp-content\/uploads\/2019\/08\/Harasdesisles_28-768x512.jpg 768w, https:\/\/harasdesisles.com\/wp-content\/uploads\/2019\/08\/Harasdesisles_28-1024x683-449x300.jpg 449w\" sizes=\"(max-width: 1024px) 100vw, 1024px\" \/><\/a>        <\/dt>\n        <dd>\n                                <\/dd>\n    <\/dl>\n\n\n    <dl class=\"gallery-item\">\n        <dt class=\"gallery-icon\">\n        <a data-title=\"no\" title=\"\" href=\"https:\/\/harasdesisles.com\/wp-content\/uploads\/2019\/08\/Harasdesisles_22.jpg\"><img loading=\"lazy\" width=\"1024\" height=\"683\" src=\"https:\/\/harasdesisles.com\/wp-content\/uploads\/2019\/08\/Harasdesisles_22-1024x683.jpg\" class=\" wp-post-image wp-image-1324\" title=\"Harasdesisles_22\" alt=\"Harasdesisles_22\" srcset=\"https:\/\/harasdesisles.com\/wp-content\/uploads\/2019\/08\/Harasdesisles_22-1024x683.jpg 1024w, https:\/\/harasdesisles.com\/wp-content\/uploads\/2019\/08\/Harasdesisles_22-1024x683-300x200.jpg 300w, https:\/\/harasdesisles.com\/wp-content\/uploads\/2019\/08\/Harasdesisles_22-768x512.jpg 768w, https:\/\/harasdesisles.com\/wp-content\/uploads\/2019\/08\/Harasdesisles_22-1024x683-449x300.jpg 449w\" sizes=\"(max-width: 1024px) 100vw, 1024px\" \/><\/a>        <\/dt>\n        <dd>\n                                <\/dd>\n    <\/dl>\n\n\n    <dl class=\"gallery-item\">\n        <dt class=\"gallery-icon\">\n        <a data-title=\"no\" title=\"\" href=\"https:\/\/harasdesisles.com\/wp-content\/uploads\/2019\/08\/Harasdesisles_34.jpg\"><img loading=\"lazy\" width=\"1024\" height=\"683\" src=\"https:\/\/harasdesisles.com\/wp-content\/uploads\/2019\/08\/Harasdesisles_34-1024x683.jpg\" class=\" wp-post-image wp-image-1328\" title=\"Harasdesisles_34\" alt=\"Harasdesisles_34\" srcset=\"https:\/\/harasdesisles.com\/wp-content\/uploads\/2019\/08\/Harasdesisles_34-1024x683.jpg 1024w, https:\/\/harasdesisles.com\/wp-content\/uploads\/2019\/08\/Harasdesisles_34-1024x683-300x200.jpg 300w, https:\/\/harasdesisles.com\/wp-content\/uploads\/2019\/08\/Harasdesisles_34-768x512.jpg 768w, https:\/\/harasdesisles.com\/wp-content\/uploads\/2019\/08\/Harasdesisles_34-1024x683-449x300.jpg 449w\" sizes=\"(max-width: 1024px) 100vw, 1024px\" \/><\/a>        <\/dt>\n        <dd>\n                                <\/dd>\n    <\/dl>\n\n<br style=\"clear: both\" \/>\n\n    <\/div>\n    <!-- \/module gallery -->\n\t        <\/div>\n\t    \t<\/div>\n\t\t    <\/div>\n\t    <!-- \/row_inner -->\n\t<\/div>\n\t<!-- \/module_row -->\n\t<\/div>\n\n<!-- AddThis Advanced Settings generic via filter on the_content --><!-- AddThis Share Buttons generic via filter on the_content -->","protected":false},"excerpt":{"rendered":"<p>Pour le confort de vos chevaux au sein de l\u2019\u00e9curie 2 douches int\u00e9rieures 3 douches ext\u00e9rieures 3 aire de pr\u00e9paration int\u00e9rieure\u00a0et 2 aires ext\u00e9rieures Et pour le confort des cavaliers\u00a0 Trois selleries s\u00e9curis\u00e9es o\u00f9 chaque cavalier \u00e0 sa propre cl\u00e9. Des chariots mis \u00e0 disposition pour vous faciliter le transports de vos affaires jusqu\u2019aux aires [&hellip;]<!-- AddThis Advanced Settings generic via filter on get_the_excerpt --><!-- AddThis Share Buttons generic via filter on get_the_excerpt --><\/p>\n","protected":false},"author":2,"featured_media":0,"parent":0,"menu_order":0,"comment_status":"closed","ping_status":"closed","template":"","meta":{"spay_email":""},"yoast_head":"<!-- This site is optimized with the Yoast SEO plugin v16.5 - https:\/\/yoast.com\/wordpress\/plugins\/seo\/ -->\n<title>Installations - Haras des Isles<\/title>\n<meta name=\"description\" content=\"D\u00e9couvrez la carri\u00e8re, le man\u00e8ge et toutes les autres installations pour les chevaux dans le Haras des Isles.\" \/>\n<meta name=\"robots\" content=\"index, follow, max-snippet:-1, max-image-preview:large, max-video-preview:-1\" \/>\n<link rel=\"canonical\" href=\"https:\/\/harasdesisles.com\/index.php\/installations\/\" \/>\n<meta property=\"og:locale\" content=\"fr_FR\" \/>\n<meta property=\"og:type\" content=\"article\" \/>\n<meta property=\"og:title\" content=\"Installations - Haras des Isles\" \/>\n<meta property=\"og:description\" content=\"D\u00e9couvrez la carri\u00e8re, le man\u00e8ge et toutes les autres installations pour les chevaux dans le Haras des Isles.\" \/>\n<meta property=\"og:url\" content=\"https:\/\/harasdesisles.com\/index.php\/installations\/\" \/>\n<meta property=\"og:site_name\" content=\"Haras des Isles\" \/>\n<meta property=\"article:modified_time\" content=\"2020-09-12T10:29:53+00:00\" \/>\n<meta property=\"og:image\" content=\"http:\/\/harasdesisles.com\/wp-content\/uploads\/2019\/08\/IMG_9410-150x150.jpg\" \/>\n<meta name=\"twitter:card\" content=\"summary_large_image\" \/>\n<meta name=\"twitter:label1\" content=\"Dur\u00e9e de lecture est.\" \/>\n\t<meta name=\"twitter:data1\" content=\"1 minute\" \/>\n<script type=\"application\/ld+json\" class=\"yoast-schema-graph\">{\"@context\":\"https:\/\/schema.org\",\"@graph\":[{\"@type\":\"WebSite\",\"@id\":\"https:\/\/harasdesisles.com\/#website\",\"url\":\"https:\/\/harasdesisles.com\/\",\"name\":\"Haras des Isles\",\"description\":\"Haras des Isles\",\"potentialAction\":[{\"@type\":\"SearchAction\",\"target\":\"https:\/\/harasdesisles.com\/?s={search_term_string}\",\"query-input\":\"required name=search_term_string\"}],\"inLanguage\":\"fr-FR\"},{\"@type\":\"ImageObject\",\"@id\":\"https:\/\/harasdesisles.com\/index.php\/installations\/#primaryimage\",\"inLanguage\":\"fr-FR\",\"url\":\"http:\/\/harasdesisles.com\/wp-content\/uploads\/2019\/08\/entr\\u00e9e-man\\u00e8ge-1024x768-373x280.jpg\",\"contentUrl\":\"http:\/\/harasdesisles.com\/wp-content\/uploads\/2019\/08\/entr\\u00e9e-man\\u00e8ge-1024x768-373x280.jpg\"},{\"@type\":\"WebPage\",\"@id\":\"https:\/\/harasdesisles.com\/index.php\/installations\/#webpage\",\"url\":\"https:\/\/harasdesisles.com\/index.php\/installations\/\",\"name\":\"Installations - Haras des Isles\",\"isPartOf\":{\"@id\":\"https:\/\/harasdesisles.com\/#website\"},\"primaryImageOfPage\":{\"@id\":\"https:\/\/harasdesisles.com\/index.php\/installations\/#primaryimage\"},\"datePublished\":\"2019-08-19T14:28:48+00:00\",\"dateModified\":\"2020-09-12T10:29:53+00:00\",\"description\":\"D\\u00e9couvrez la carri\\u00e8re, le man\\u00e8ge et toutes les autres installations pour les chevaux dans le Haras des Isles.\",\"breadcrumb\":{\"@id\":\"https:\/\/harasdesisles.com\/index.php\/installations\/#breadcrumb\"},\"inLanguage\":\"fr-FR\",\"potentialAction\":[{\"@type\":\"ReadAction\",\"target\":[\"https:\/\/harasdesisles.com\/index.php\/installations\/\"]}]},{\"@type\":\"BreadcrumbList\",\"@id\":\"https:\/\/harasdesisles.com\/index.php\/installations\/#breadcrumb\",\"itemListElement\":[{\"@type\":\"ListItem\",\"position\":1,\"name\":\"Accueil\",\"item\":\"https:\/\/harasdesisles.com\/\"},{\"@type\":\"ListItem\",\"position\":2,\"name\":\"Installations\"}]}]}<\/script>\n<!-- \/ Yoast SEO plugin. -->","builder_content":"<img loading=\"lazy\" src=\"http:\/\/harasdesisles.com\/wp-content\/uploads\/2019\/08\/entr\u00e9e-man\u00e8ge-1024x768-373x280.jpg\" width=\"373\" height=\"280\" title=\"entr\u00e9e man\u00e8ge\" alt=\"entr\u00e9e man\u00e8ge\" srcset=\"https:\/\/harasdesisles.com\/wp-content\/uploads\/2019\/08\/entr\u00e9e-man\u00e8ge-1024x768-373x280.jpg 373w, https:\/\/harasdesisles.com\/wp-content\/uploads\/2019\/08\/entr\u00e9e-man\u00e8ge-300x225.jpg 300w, https:\/\/harasdesisles.com\/wp-content\/uploads\/2019\/08\/entr\u00e9e-man\u00e8ge-768x576.jpg 768w, https:\/\/harasdesisles.com\/wp-content\/uploads\/2019\/08\/entr\u00e9e-man\u00e8ge-1024x768.jpg 1024w\" sizes=\"(max-width: 373px) 100vw, 373px\" \/>\n<img loading=\"lazy\" src=\"http:\/\/harasdesisles.com\/wp-content\/uploads\/2019\/08\/Harasdesisles_9-1024x683-373x280.jpg\" width=\"373\" height=\"280\" title=\"Harasdesisles_9\" alt=\"Harasdesisles_9\" \/>\n<img loading=\"lazy\" src=\"http:\/\/harasdesisles.com\/wp-content\/uploads\/2019\/08\/Harasdesisles_14-1024x576-373x280.jpg\" width=\"373\" height=\"280\" title=\"Harasdesisles_14\" alt=\"Harasdesisles_14\" \/>\n<img loading=\"lazy\" src=\"http:\/\/harasdesisles.com\/wp-content\/uploads\/2019\/08\/IMG_4256-1-1024x683-768x517.jpg\" width=\"768\" height=\"517\" title=\"IMG_4256\" alt=\"IMG_4256\" \/>\n<h3 style=\"text-align: center;\">Pour le confort de vos chevaux au sein de l\u2019\u00e9curie<\/h3>\n<p style=\"text-align: center;\">2 douches int\u00e9rieures<br \/><br \/><\/p>\n<p style=\"text-align: center;\">3 douches ext\u00e9rieures<\/p>\n<p style=\"text-align: center;\">3 aire de pr\u00e9paration int\u00e9rieure\u00a0<br \/>et 2 aires ext\u00e9rieures<\/p>\n<h3 style=\"text-align: center;\">Et pour le confort des cavaliers\u00a0<\/h3>\n<p>Trois selleries s\u00e9curis\u00e9es o\u00f9 chaque cavalier \u00e0 sa propre cl\u00e9.<\/p>\n<p>Des chariots mis \u00e0 disposition pour vous faciliter le transports de vos affaires jusqu\u2019aux aires de pr\u00e9parations.<\/p>\n<p>Un club house o\u00f9 vous serez vous arr\u00eater pour vous d\u00e9tendre un instant donnant sur le sole pleureur qui saurez vous charmez l\u2019\u00e9t\u00e9 gr\u00e2ce \u00e0 son ombrage.<\/p>\n<h2>Nos installations<\/h2> <p>+ Un man\u00e8ge couvert 45x20 en sable blanc ;<br \/>+ Une carri\u00e8re 85x45 en sable Bore sol;<br \/>+ Un rond ovale en dur de 21x18 en sable blanc.<br \/>+ Piste de galop de 1 km<\/p> <h5>Les sols sont hers\u00e9s et arros\u00e9s r\u00e9guli\u00e8rement.\u00a0<\/h5> <p>+ Des paddocks individuels<br \/>+ Piste de pas, pour d\u00e9tendre vos chevaux autour des paddocks<br \/>+ Champ de 3 hectares et demi pour faire brouter vos chevaux\u00a0<\/p> <p>Le tout dans un lieu s\u00e9curis\u00e9 !<\/p>\n<img loading=\"lazy\" width=\"3609\" height=\"4476\" src=\"http:\/\/harasdesisles.com\/wp-content\/uploads\/2019\/08\/Harasdesisles_10-1.jpg\" title=\"Harasdesisles_10\" alt=\"Harasdesisles_10\" srcset=\"https:\/\/harasdesisles.com\/wp-content\/uploads\/2019\/08\/Harasdesisles_10-1.jpg 3609w, https:\/\/harasdesisles.com\/wp-content\/uploads\/2019\/08\/Harasdesisles_10-1-242x300.jpg 242w, https:\/\/harasdesisles.com\/wp-content\/uploads\/2019\/08\/Harasdesisles_10-1-768x952.jpg 768w, https:\/\/harasdesisles.com\/wp-content\/uploads\/2019\/08\/Harasdesisles_10-1-826x1024.jpg 826w, https:\/\/harasdesisles.com\/wp-content\/uploads\/2019\/08\/Harasdesisles_10-1-826x1024-241x300.jpg 241w, https:\/\/harasdesisles.com\/wp-content\/uploads\/2019\/08\/Harasdesisles_10-1-826x1024-16x20.jpg 16w, https:\/\/harasdesisles.com\/wp-content\/uploads\/2019\/08\/Harasdesisles_10-1-826x1024-40x50.jpg 40w\" sizes=\"(max-width: 3609px) 100vw, 3609px\" \/>\n\n<h2 style=\"text-align: center;\">Et le reste de la famille...<\/h2>\n[gallery columns=\"1\" ids=\"1560,1325,1326,1324,1328\"]","_links":{"self":[{"href":"https:\/\/harasdesisles.com\/index.php\/wp-json\/wp\/v2\/pages\/904"}],"collection":[{"href":"https:\/\/harasdesisles.com\/index.php\/wp-json\/wp\/v2\/pages"}],"about":[{"href":"https:\/\/harasdesisles.com\/index.php\/wp-json\/wp\/v2\/types\/page"}],"author":[{"embeddable":true,"href":"https:\/\/harasdesisles.com\/index.php\/wp-json\/wp\/v2\/users\/2"}],"replies":[{"embeddable":true,"href":"https:\/\/harasdesisles.com\/index.php\/wp-json\/wp\/v2\/comments?post=904"}],"version-history":[{"count":61,"href":"https:\/\/harasdesisles.com\/index.php\/wp-json\/wp\/v2\/pages\/904\/revisions"}],"predecessor-version":[{"id":3176,"href":"https:\/\/harasdesisles.com\/index.php\/wp-json\/wp\/v2\/pages\/904\/revisions\/3176"}],"wp:attachment":[{"href":"https:\/\/harasdesisles.com\/index.php\/wp-json\/wp\/v2\/media?parent=904"}],"curies":[{"name":"wp","href":"https:\/\/api.w.org\/{rel}","templated":true}]}}