{"id":630,"date":"2019-08-19T16:20:44","date_gmt":"2019-08-19T14:20:44","guid":{"rendered":"http:\/\/harasdesisles.com\/?page_id=630"},"modified":"2020-08-05T18:53:44","modified_gmt":"2020-08-05T16:53:44","slug":"partenaires","status":"publish","type":"page","link":"https:\/\/harasdesisles.com\/index.php\/partenaires\/","title":{"rendered":"Les partenaires"},"content":{"rendered":"<div id=\"themify_builder_content-630\" data-postid=\"630\" class=\"themify_builder_content themify_builder_content-630 themify_builder\">\n    \t<!-- module_row -->\n\t<div   class=\"themify_builder_row module_row clearfix fullcover module_row_0 themify_builder_630_row module_row_630-0 tb_huf2022\">\n\t    \t    <div class=\"row_inner col_align_top\" >\n\t\t\t<div  class=\"module_column tb-column col-full first tb_630_column module_column_0 module_column_630-0-0 tb_u8gl220\">\n\t    \t    \t        <div class=\"tb-column-inner\">\n\t\t    <!-- module text -->\n<div  class=\"module module-text tb_xdox580  repeat  wow fadeInUp \">\n            <div  class=\"tb_text_wrap\">\n    <h1>Nos partenaires<\/h1>\n<h3>Le Haras re\u00e7oit de nombreux partenaires au cours de son histoire.<\/h3>    <\/div>\n<\/div>\n<!-- \/module text -->\n\t        <\/div>\n\t    \t<\/div>\n\t\t    <\/div>\n\t    <!-- \/row_inner -->\n\t<\/div>\n\t<!-- \/module_row -->\n\t\t<!-- module_row -->\n\t<div   class=\"themify_builder_row module_row clearfix repeat module_row_1 themify_builder_630_row module_row_630-1 tb_ly69927\">\n\t    \t    <div class=\"row_inner col_align_top\" >\n\t\t\t<div  class=\"module_column tb-column col-full first tb_630_column module_column_0 module_column_630-1-0 tb_0c71929\">\n\t    \t    \t        <div class=\"tb-column-inner\">\n\t\t    \t<div  class=\"themify_builder_sub_row module_subrow clearfix sub_row_1-0-0 tb_zt13930\" >\n\t    \t    <div class=\"subrow_inner col_align_middle\" >\n\t\t\t<div  class=\"sub_column module_column col4-2 first sub_column_post_630 sub_column_1-0-0-0 tb_n2qy931\" > \n\t    \t    \t        <div class=\"tb-column-inner\">\n\t\t        <!-- module image -->\n    <div  class=\"module module-image tb_9zlc935  image-top   wow fadeInLeft\">\n\t                <div class=\"image-wrap\">\n                            <img loading=\"lazy\" width=\"600\" height=\"400\" src=\"http:\/\/harasdesisles.com\/wp-content\/uploads\/2019\/08\/Antar\u00e8s-Sellier-France-2.jpg\" class=\" wp-post-image wp-image-792\" title=\"Antar\u00e8s-Sellier-France-2\" alt=\"Antar\u00e8s-Sellier-France-2\" srcset=\"https:\/\/harasdesisles.com\/wp-content\/uploads\/2019\/08\/Antar\u00e8s-Sellier-France-2.jpg 600w, https:\/\/harasdesisles.com\/wp-content\/uploads\/2019\/08\/Antar\u00e8s-Sellier-France-2-300x200.jpg 300w\" sizes=\"(max-width: 600px) 100vw, 600px\" \/>            \n                        <\/div>\n            <!-- \/image-wrap -->\n        \n        \n        <\/div>\n    <!-- \/module image -->\n\t        <\/div>\n\t    \t<\/div>\n\t\t<div  class=\"sub_column module_column col4-2 last sub_column_post_630 sub_column_1-0-0-1 tb_ombe934\" > \n\t    \t    \t        <div class=\"tb-column-inner\">\n\t\t    <!-- module text -->\n<div  class=\"module module-text tb_wu2k931  repeat  wow fadeInRight \">\n            <div  class=\"tb_text_wrap\">\n    <p><span style=\"font-size: 24px;\"><b>Antar\u00e8s &#8211; Sellier<\/b><\/span><\/p>    <\/div>\n<\/div>\n<!-- \/module text -->\n    <!-- module divider -->\n    <div  class=\"module module-divider tb_mq6q932 solid    \" style=\"border-width: 1px;border-color: #F0F0F0;\">\n\t            <\/div>\n    <!-- \/module divider -->\n<!-- module text -->\n<div  class=\"module module-text tb_7010932    \">\n            <div  class=\"tb_text_wrap\">\n    <p><strong>S\u00e9bastien Lallane, commercial chez Antar\u00e8s, est une personne \u00e0 l\u2019\u00e9coute. Il comprend les difficult\u00e9s du cavalier et essaie de r\u00e9pondre au mieux \u00e0 la demande. Le directeur est aussi une charmante personne qui m\u2019a donn\u00e9 ma chance! Merci \u00e0 l\u2019\u00e9quipe d\u2019Antar\u00e8s.<\/strong><\/p>    <\/div>\n<\/div>\n<!-- \/module text -->\n    <!-- module buttons -->\n    <div  class=\"module module-buttons tb_36xt933 large solid circle  \">\n\t        \t<div class=\"module-buttons\">\n                            <div class=\"module-buttons-item  buttons-horizontal\">\n\t\t    \t\t\t<a href=\"https:\/\/www.antares-sellier.com\" class=\"ui builder_button tb_default_color\" >\n\t\t    \t\t    \t\t\t<span>Voir le site<\/span>\n\t\t    \t\t    \t\t\t<\/a>\n\t\t                    <\/div>\n                    <\/div>\n    <\/div>\n    <!-- \/module buttons -->\n\t        <\/div>\n\t    \t<\/div>\n\t\t    <\/div>\n\t<\/div><!-- \/themify_builder_sub_row -->\n\t\t        <\/div>\n\t    \t<\/div>\n\t\t    <\/div>\n\t    <!-- \/row_inner -->\n\t<\/div>\n\t<!-- \/module_row -->\n\t\t<!-- module_row -->\n\t<div   class=\"themify_builder_row module_row clearfix repeat module_row_2 themify_builder_630_row module_row_630-2 tb_fts6000\">\n\t    \t    <div class=\"row_inner col_align_top\" >\n\t\t\t<div  class=\"module_column tb-column col-full first tb_630_column module_column_0 module_column_630-2-0 tb_8d23511\">\n\t    \t    \t        <div class=\"tb-column-inner\">\n\t\t    \t<div  class=\"themify_builder_sub_row module_subrow clearfix sub_row_2-0-0 tb_vzn0508\" >\n\t    \t    <div class=\"subrow_inner col_align_middle\" >\n\t\t\t<div  class=\"sub_column module_column col4-2 first sub_column_post_630 sub_column_2-0-0-0 tb_tare805\" > \n\t    \t    \t        <div class=\"tb-column-inner\">\n\t\t    <!-- module text -->\n<div  class=\"module module-text tb_lswp082  repeat  wow fadeInLeft \">\n            <div  class=\"tb_text_wrap\">\n    <p><span style=\"font-size: 24px;\"><strong>P\u00f4le \u00e9questre Carlos et Isabelle Pinto<\/strong><\/span><\/p>    <\/div>\n<\/div>\n<!-- \/module text -->\n    <!-- module divider -->\n    <div  class=\"module module-divider tb_fwik146 solid    \" style=\"border-width: 1px;border-color: #ffffff;\">\n\t            <\/div>\n    <!-- \/module divider -->\n<!-- module text -->\n<div  class=\"module module-text tb_76e1862    \">\n            <div  class=\"tb_text_wrap\">\n    <p><strong>Un cavalier d\u2019exception, une femme extraordinaire et une fille comp\u00e9titive !<\/strong><\/p>\n<p><strong>Cette famille est compos\u00e9e de cavaliers d\u2019exceptions. Carlos m\u2019a aid\u00e9 et me permet de me construire au quotidien en tant que cavali\u00e8re professionnelle. Sa patience, sa gentillesse font de lui un grand cavalier et comme tout grand homme, il se cache une grande femme Isabelle qui est une femme touchante, compr\u00e9hensive et qui sait \u00e9couter et conseiller !<\/strong><\/p>    <\/div>\n<\/div>\n<!-- \/module text -->\n    <!-- module buttons -->\n    <div  class=\"module module-buttons tb_vxqe812 large solid circle  \">\n\t        \t<div class=\"module-buttons\">\n                            <div class=\"module-buttons-item  buttons-horizontal\">\n\t\t    \t\t\t<a href=\"http:\/\/www.pole-equestre-carlos-pinto.com\" class=\"ui builder_button tb_default_color\" >\n\t\t    \t\t    \t\t\t<span>Voir le site<\/span>\n\t\t    \t\t    \t\t\t<\/a>\n\t\t                    <\/div>\n                    <\/div>\n    <\/div>\n    <!-- \/module buttons -->\n\t        <\/div>\n\t    \t<\/div>\n\t\t<div  class=\"sub_column module_column col4-2 last sub_column_post_630 sub_column_2-0-0-1 tb_gpif113\"> \n\t    \t    \t        <div class=\"tb-column-inner\">\n\t\t        <!-- module image -->\n    <div  class=\"module module-image tb_entp218  image-top   wow fadeInRight\">\n\t                <div class=\"image-wrap\">\n                            <img loading=\"lazy\" width=\"942\" height=\"680\" src=\"http:\/\/harasdesisles.com\/wp-content\/uploads\/2019\/08\/Po\u0302le-e\u0301questre-Isabelle-et-Carlos-Pinto-cavaliers-dressage-professionnels-e\u0301curie-de-proprie\u0301taires-Cabrie\u0300s.jpg\" class=\" wp-post-image wp-image-1151\" title=\"Po\u0302le-e\u0301questre-Isabelle-et-Carlos-Pinto-cavaliers-dressage-professionnels-e\u0301curie-de-proprie\u0301taires-Cabrie\u0300s\" alt=\"Po\u0302le-e\u0301questre-Isabelle-et-Carlos-Pinto-cavaliers-dressage-professionnels-e\u0301curie-de-proprie\u0301taires-Cabrie\u0300s\" srcset=\"https:\/\/harasdesisles.com\/wp-content\/uploads\/2019\/08\/Po\u0302le-e\u0301questre-Isabelle-et-Carlos-Pinto-cavaliers-dressage-professionnels-e\u0301curie-de-proprie\u0301taires-Cabrie\u0300s.jpg 942w, https:\/\/harasdesisles.com\/wp-content\/uploads\/2019\/08\/Po\u0302le-e\u0301questre-Isabelle-et-Carlos-Pinto-cavaliers-dressage-professionnels-e\u0301curie-de-proprie\u0301taires-Cabrie\u0300s-300x217.jpg 300w, https:\/\/harasdesisles.com\/wp-content\/uploads\/2019\/08\/Po\u0302le-e\u0301questre-Isabelle-et-Carlos-Pinto-cavaliers-dressage-professionnels-e\u0301curie-de-proprie\u0301taires-Cabrie\u0300s-768x554.jpg 768w, https:\/\/harasdesisles.com\/wp-content\/uploads\/2019\/08\/Po\u0302le-e\u0301questre-Isabelle-et-Carlos-Pinto-cavaliers-dressage-professionnels-e\u0301curie-de-proprie\u0301taires-Cabrie\u0300s-150x108.jpg 150w\" sizes=\"(max-width: 942px) 100vw, 942px\" \/>            \n                        <\/div>\n            <!-- \/image-wrap -->\n        \n        \n        <\/div>\n    <!-- \/module image -->\n\t        <\/div>\n\t    \t<\/div>\n\t\t    <\/div>\n\t<\/div><!-- \/themify_builder_sub_row -->\n\t\t        <\/div>\n\t    \t<\/div>\n\t\t    <\/div>\n\t    <!-- \/row_inner -->\n\t<\/div>\n\t<!-- \/module_row -->\n\t\t<!-- module_row -->\n\t<div   class=\"themify_builder_row module_row clearfix repeat module_row_4 themify_builder_630_row module_row_630-4 tb_hsip115\">\n\t    \t    <div class=\"row_inner col_align_top\" >\n\t\t\t<div  class=\"module_column tb-column col-full first tb_630_column module_column_0 module_column_630-4-0 tb_c978116\">\n\t    \t    \t        <div class=\"tb-column-inner\">\n\t\t    \t<div  class=\"themify_builder_sub_row module_subrow clearfix sub_row_4-0-0 tb_vwez117\" >\n\t    \t    <div class=\"subrow_inner col_align_middle\" >\n\t\t\t<div  class=\"sub_column module_column col4-2 first sub_column_post_630 sub_column_4-0-0-0 tb_ytnl117\" > \n\t    \t    \t        <div class=\"tb-column-inner\">\n\t\t        <!-- module image -->\n    <div  class=\"module module-image tb_0hta395  image-top   wow fadeInLeft\">\n\t                <div class=\"image-wrap\">\n                            <img src=\"http:\/\/harasdesisles.com\/wp-content\/uploads\/2019\/08\/download-300x300.jpg\" width=\"300\" class=\" wp-post-image wp-image-801\" title=\"download\" alt=\"download\" srcset=\"https:\/\/harasdesisles.com\/wp-content\/uploads\/2019\/08\/download-300x300.jpg 300w, https:\/\/harasdesisles.com\/wp-content\/uploads\/2019\/08\/download-150x150.jpg 150w, https:\/\/harasdesisles.com\/wp-content\/uploads\/2019\/08\/download.jpg 225w\" sizes=\"(max-width: 300px) 100vw, 300px\" \/>            \n                        <\/div>\n            <!-- \/image-wrap -->\n        \n        \n        <\/div>\n    <!-- \/module image -->\n\t        <\/div>\n\t    \t<\/div>\n\t\t<div  class=\"sub_column module_column col4-2 last sub_column_post_630 sub_column_4-0-0-1 tb_4kzl118\" > \n\t    \t    \t        <div class=\"tb-column-inner\">\n\t\t    <!-- module text -->\n<div  class=\"module module-text tb_3maf389  repeat  wow fadeInRight \">\n            <div  class=\"tb_text_wrap\">\n    <p><span style=\"font-size: 24px;\">Sellerie Pujolas, des besoins au quotidien<\/span><\/p>    <\/div>\n<\/div>\n<!-- \/module text -->\n    <!-- module divider -->\n    <div  class=\"module module-divider tb_9e24392 solid    \" style=\"border-width: 1px;border-color: #ffffff;\">\n\t            <\/div>\n    <!-- \/module divider -->\n<!-- module text -->\n<div  class=\"module module-text tb_eldk393  repeat  \">\n            <div  class=\"tb_text_wrap\">\n    <p><strong>Une sellerie hors paire qui est pr\u00e9sente au quotidien pour tous vos besoins. <br \/>R\u00e9actif, \u00e0 l\u2019\u00e9coute ! Merci !<\/strong><\/p>    <\/div>\n<\/div>\n<!-- \/module text -->\n    <!-- module buttons -->\n    <div  class=\"module module-buttons tb_sgtc394 large solid circle  \">\n\t        \t<div class=\"module-buttons\">\n                            <div class=\"module-buttons-item  buttons-horizontal\">\n\t\t    \t\t\t<a href=\"https:\/\/www.selleriecamarguepujolas.com\" class=\"ui builder_button tb_default_color\" >\n\t\t    \t\t    \t\t\t<span>Voir le site<\/span>\n\t\t    \t\t    \t\t\t<\/a>\n\t\t                    <\/div>\n                    <\/div>\n    <\/div>\n    <!-- \/module buttons -->\n\t        <\/div>\n\t    \t<\/div>\n\t\t    <\/div>\n\t<\/div><!-- \/themify_builder_sub_row -->\n\t\t        <\/div>\n\t    \t<\/div>\n\t\t    <\/div>\n\t    <!-- \/row_inner -->\n\t<\/div>\n\t<!-- \/module_row -->\n\t\t<!-- module_row -->\n\t<div   class=\"themify_builder_row module_row clearfix repeat module_row_6 themify_builder_630_row module_row_630-6 tb_qy0g361\">\n\t    \t    <div class=\"row_inner col_align_top\" >\n\t\t\t<div  class=\"module_column tb-column col-full first tb_630_column module_column_0 module_column_630-6-0 tb_dd7s364\">\n\t    \t    \t        <div class=\"tb-column-inner\">\n\t\t    \t<div  class=\"themify_builder_sub_row module_subrow clearfix sub_row_6-0-0 tb_59w4365\" >\n\t    \t    <div class=\"subrow_inner col_align_middle\" >\n\t\t\t<div  class=\"sub_column module_column col4-2 first sub_column_post_630 sub_column_6-0-0-0 tb_n59e365\" > \n\t    \t    \t        <div class=\"tb-column-inner\">\n\t\t    <!-- module text -->\n<div  class=\"module module-text tb_7iwk366  repeat  wow fadeInLeft \">\n            <div  class=\"tb_text_wrap\">\n    <p><b>Anne Salani\u00e9 &#8211; Ost\u00e9opathe<\/b><\/p>    <\/div>\n<\/div>\n<!-- \/module text -->\n    <!-- module divider -->\n    <div  class=\"module module-divider tb_6gf7367 solid    \" style=\"border-width: 1px;border-color: #ffffff;\">\n\t            <\/div>\n    <!-- \/module divider -->\n<!-- module text -->\n<div  class=\"module module-text tb_9xt7367    \">\n            <div  class=\"tb_text_wrap\">\n    <p><strong>Une femme attentive, \u00e0 l\u2019\u00e9coute des animaux mais aussi des personnes. Elle sait apaiser les chevaux ainsi que les inqui\u00e9tudes des propri\u00e9taires. <\/strong><\/p>    <\/div>\n<\/div>\n<!-- \/module text -->\n    <!-- module buttons -->\n    <div  class=\"module module-buttons tb_y5om368 large solid circle  \">\n\t        \t<div class=\"module-buttons\">\n                            <div class=\"module-buttons-item  buttons-horizontal\">\n\t\t    \t\t\t<a href=\"https:\/\/www.facebook.com\/Anne-Salani\u00e9-ost\u00e9opathe-pour-animaux-114248032116512\/\" class=\"ui builder_button tb_default_color\" >\n\t\t    \t\t    \t\t\t<span>Voir le site<\/span>\n\t\t    \t\t    \t\t\t<\/a>\n\t\t                    <\/div>\n                    <\/div>\n    <\/div>\n    <!-- \/module buttons -->\n\t        <\/div>\n\t    \t<\/div>\n\t\t<div  class=\"sub_column module_column col4-2 last sub_column_post_630 sub_column_6-0-0-1 tb_yyb4368\"> \n\t    \t    \t        <div class=\"tb-column-inner\">\n\t\t        <!-- module image -->\n    <div  class=\"module module-image tb_myj1369  image-top   wow fadeInRight\">\n\t                <div class=\"image-wrap\">\n                            <img src=\"http:\/\/harasdesisles.com\/wp-content\/uploads\/2019\/08\/salanie_anne_03018900_154241576-1024x921-400x359.jpg\" width=\"400\" class=\" wp-post-image wp-image-795\" title=\"salanie_anne_03018900_154241576\" alt=\"salanie_anne_03018900_154241576\" srcset=\"https:\/\/harasdesisles.com\/wp-content\/uploads\/2019\/08\/salanie_anne_03018900_154241576-1024x921-400x359.jpg 400w, https:\/\/harasdesisles.com\/wp-content\/uploads\/2019\/08\/salanie_anne_03018900_154241576-300x270.jpg 300w, https:\/\/harasdesisles.com\/wp-content\/uploads\/2019\/08\/salanie_anne_03018900_154241576-768x691.jpg 768w, https:\/\/harasdesisles.com\/wp-content\/uploads\/2019\/08\/salanie_anne_03018900_154241576.jpg 1024w\" sizes=\"(max-width: 400px) 100vw, 400px\" \/>            \n                        <\/div>\n            <!-- \/image-wrap -->\n        \n        \n        <\/div>\n    <!-- \/module image -->\n\t        <\/div>\n\t    \t<\/div>\n\t\t    <\/div>\n\t<\/div><!-- \/themify_builder_sub_row -->\n\t\t        <\/div>\n\t    \t<\/div>\n\t\t    <\/div>\n\t    <!-- \/row_inner -->\n\t<\/div>\n\t<!-- \/module_row -->\n\t<\/div>\n\n<!-- AddThis Advanced Settings generic via filter on the_content --><!-- AddThis Share Buttons generic via filter on the_content -->","protected":false},"excerpt":{"rendered":"<p>Nos partenaires Le Haras re\u00e7oit de nombreux partenaires au cours de son histoire.<!-- AddThis Advanced Settings generic via filter on get_the_excerpt --><!-- AddThis Share Buttons generic via filter on get_the_excerpt --><\/p>\n","protected":false},"author":2,"featured_media":0,"parent":0,"menu_order":0,"comment_status":"closed","ping_status":"closed","template":"","meta":{"spay_email":""},"yoast_head":"<!-- This site is optimized with the Yoast SEO plugin v16.5 - https:\/\/yoast.com\/wordpress\/plugins\/seo\/ -->\n<title>Les partenaires - Haras des Isles<\/title>\n<meta name=\"robots\" content=\"index, follow, max-snippet:-1, max-image-preview:large, max-video-preview:-1\" \/>\n<link rel=\"canonical\" href=\"https:\/\/harasdesisles.com\/index.php\/partenaires\/\" \/>\n<meta property=\"og:locale\" content=\"fr_FR\" \/>\n<meta property=\"og:type\" content=\"article\" \/>\n<meta property=\"og:title\" content=\"Les partenaires - Haras des Isles\" \/>\n<meta property=\"og:description\" content=\"Nos partenaires Le Haras re\u00e7oit de nombreux partenaires au cours de son histoire.\" \/>\n<meta property=\"og:url\" content=\"https:\/\/harasdesisles.com\/index.php\/partenaires\/\" \/>\n<meta property=\"og:site_name\" content=\"Haras des Isles\" \/>\n<meta property=\"article:modified_time\" content=\"2020-08-05T16:53:44+00:00\" \/>\n<meta name=\"twitter:card\" content=\"summary_large_image\" \/>\n<script type=\"application\/ld+json\" class=\"yoast-schema-graph\">{\"@context\":\"https:\/\/schema.org\",\"@graph\":[{\"@type\":\"WebSite\",\"@id\":\"https:\/\/harasdesisles.com\/#website\",\"url\":\"https:\/\/harasdesisles.com\/\",\"name\":\"Haras des Isles\",\"description\":\"Haras des Isles\",\"potentialAction\":[{\"@type\":\"SearchAction\",\"target\":\"https:\/\/harasdesisles.com\/?s={search_term_string}\",\"query-input\":\"required name=search_term_string\"}],\"inLanguage\":\"fr-FR\"},{\"@type\":\"WebPage\",\"@id\":\"https:\/\/harasdesisles.com\/index.php\/partenaires\/#webpage\",\"url\":\"https:\/\/harasdesisles.com\/index.php\/partenaires\/\",\"name\":\"Les partenaires - Haras des Isles\",\"isPartOf\":{\"@id\":\"https:\/\/harasdesisles.com\/#website\"},\"datePublished\":\"2019-08-19T14:20:44+00:00\",\"dateModified\":\"2020-08-05T16:53:44+00:00\",\"breadcrumb\":{\"@id\":\"https:\/\/harasdesisles.com\/index.php\/partenaires\/#breadcrumb\"},\"inLanguage\":\"fr-FR\",\"potentialAction\":[{\"@type\":\"ReadAction\",\"target\":[\"https:\/\/harasdesisles.com\/index.php\/partenaires\/\"]}]},{\"@type\":\"BreadcrumbList\",\"@id\":\"https:\/\/harasdesisles.com\/index.php\/partenaires\/#breadcrumb\",\"itemListElement\":[{\"@type\":\"ListItem\",\"position\":1,\"name\":\"Accueil\",\"item\":\"https:\/\/harasdesisles.com\/\"},{\"@type\":\"ListItem\",\"position\":2,\"name\":\"Les partenaires\"}]}]}<\/script>\n<!-- \/ Yoast SEO plugin. -->","builder_content":"<h1>Nos partenaires<\/h1> <h3>Le Haras re\u00e7oit de nombreux partenaires au cours de son histoire.<\/h3>\n<img loading=\"lazy\" width=\"600\" height=\"400\" src=\"http:\/\/harasdesisles.com\/wp-content\/uploads\/2019\/08\/Antar\u00e8s-Sellier-France-2.jpg\" title=\"Antar\u00e8s-Sellier-France-2\" alt=\"Antar\u00e8s-Sellier-France-2\" srcset=\"https:\/\/harasdesisles.com\/wp-content\/uploads\/2019\/08\/Antar\u00e8s-Sellier-France-2.jpg 600w, https:\/\/harasdesisles.com\/wp-content\/uploads\/2019\/08\/Antar\u00e8s-Sellier-France-2-300x200.jpg 300w\" sizes=\"(max-width: 600px) 100vw, 600px\" \/>\n<p><b>Antar\u00e8s - Sellier<\/b><\/p>\n\n<p><strong>S\u00e9bastien Lallane, commercial chez Antar\u00e8s, est une personne \u00e0 l\u2019\u00e9coute. Il comprend les difficult\u00e9s du cavalier et essaie de r\u00e9pondre au mieux \u00e0 la demande. Le directeur est aussi une charmante personne qui m\u2019a donn\u00e9 ma chance! Merci \u00e0 l\u2019\u00e9quipe d\u2019Antar\u00e8s.<\/strong><\/p>\n<a href=\"https:\/\/www.antares-sellier.com\" > Voir le site <\/a>\n<p><strong>P\u00f4le \u00e9questre Carlos et Isabelle Pinto<\/strong><\/p>\n\n<p><strong>Un cavalier d\u2019exception, une femme extraordinaire et une fille comp\u00e9titive !<\/strong><\/p> <p><strong>Cette famille est compos\u00e9e de cavaliers d\u2019exceptions. Carlos m\u2019a aid\u00e9 et me permet de me construire au quotidien en tant que cavali\u00e8re professionnelle. Sa patience, sa gentillesse font de lui un grand cavalier et comme tout grand homme, il se cache une grande femme Isabelle qui est une femme touchante, compr\u00e9hensive et qui sait \u00e9couter et conseiller !<\/strong><\/p>\n<a href=\"http:\/\/www.pole-equestre-carlos-pinto.com\" > Voir le site <\/a>\n<img loading=\"lazy\" width=\"942\" height=\"680\" src=\"http:\/\/harasdesisles.com\/wp-content\/uploads\/2019\/08\/Po\u0302le-e\u0301questre-Isabelle-et-Carlos-Pinto-cavaliers-dressage-professionnels-e\u0301curie-de-proprie\u0301taires-Cabrie\u0300s.jpg\" title=\"Po\u0302le-e\u0301questre-Isabelle-et-Carlos-Pinto-cavaliers-dressage-professionnels-e\u0301curie-de-proprie\u0301taires-Cabrie\u0300s\" alt=\"Po\u0302le-e\u0301questre-Isabelle-et-Carlos-Pinto-cavaliers-dressage-professionnels-e\u0301curie-de-proprie\u0301taires-Cabrie\u0300s\" srcset=\"https:\/\/harasdesisles.com\/wp-content\/uploads\/2019\/08\/Po\u0302le-e\u0301questre-Isabelle-et-Carlos-Pinto-cavaliers-dressage-professionnels-e\u0301curie-de-proprie\u0301taires-Cabrie\u0300s.jpg 942w, https:\/\/harasdesisles.com\/wp-content\/uploads\/2019\/08\/Po\u0302le-e\u0301questre-Isabelle-et-Carlos-Pinto-cavaliers-dressage-professionnels-e\u0301curie-de-proprie\u0301taires-Cabrie\u0300s-300x217.jpg 300w, https:\/\/harasdesisles.com\/wp-content\/uploads\/2019\/08\/Po\u0302le-e\u0301questre-Isabelle-et-Carlos-Pinto-cavaliers-dressage-professionnels-e\u0301curie-de-proprie\u0301taires-Cabrie\u0300s-768x554.jpg 768w, https:\/\/harasdesisles.com\/wp-content\/uploads\/2019\/08\/Po\u0302le-e\u0301questre-Isabelle-et-Carlos-Pinto-cavaliers-dressage-professionnels-e\u0301curie-de-proprie\u0301taires-Cabrie\u0300s-150x108.jpg 150w\" sizes=\"(max-width: 942px) 100vw, 942px\" \/>\n<img src=\"http:\/\/harasdesisles.com\/wp-content\/uploads\/2019\/08\/44253998_261776614477160_5331126249194520576_n-300x300.png\" width=\"300\" title=\"44253998_261776614477160_5331126249194520576_n\" alt=\"44253998_261776614477160_5331126249194520576_n\" srcset=\"https:\/\/harasdesisles.com\/wp-content\/uploads\/2019\/08\/44253998_261776614477160_5331126249194520576_n-300x300.png 300w, https:\/\/harasdesisles.com\/wp-content\/uploads\/2019\/08\/44253998_261776614477160_5331126249194520576_n-150x150.png 150w, https:\/\/harasdesisles.com\/wp-content\/uploads\/2019\/08\/44253998_261776614477160_5331126249194520576_n-768x768.png 768w, https:\/\/harasdesisles.com\/wp-content\/uploads\/2019\/08\/44253998_261776614477160_5331126249194520576_n.png 837w\" sizes=\"(max-width: 300px) 100vw, 300px\" \/>\n<p><b>L\u2019usine du Tee-shirt - Habillements<\/b><\/p>\n\n<p><strong>Un partenariat local avec des personnes qui savent \u00e9couter et s\u2019adapter aux besoins des gens. Je les remercie d\u2019\u00eatre pr\u00e9sent et de proposer des polos, des produits locaux qui s\u2019inscrivent dans une \u00e9thique durable.<\/strong><\/p>\n<a href=\"https:\/\/www.facebook.com\/lusinedutshirt\/\" > Voir le site <\/a>\n<img src=\"http:\/\/harasdesisles.com\/wp-content\/uploads\/2019\/08\/download-300x300.jpg\" width=\"300\" title=\"download\" alt=\"download\" srcset=\"https:\/\/harasdesisles.com\/wp-content\/uploads\/2019\/08\/download-300x300.jpg 300w, https:\/\/harasdesisles.com\/wp-content\/uploads\/2019\/08\/download-150x150.jpg 150w, https:\/\/harasdesisles.com\/wp-content\/uploads\/2019\/08\/download.jpg 225w\" sizes=\"(max-width: 300px) 100vw, 300px\" \/>\n<p>Sellerie Pujolas, des besoins au quotidien<\/p>\n\n<p><strong>Une sellerie hors paire qui est pr\u00e9sente au quotidien pour tous vos besoins. <br \/>R\u00e9actif, \u00e0 l\u2019\u00e9coute ! Merci !<\/strong><\/p>\n<a href=\"https:\/\/www.selleriecamarguepujolas.com\" > Voir le site <\/a>\n<img loading=\"lazy\" width=\"150\" height=\"150\" src=\"http:\/\/harasdesisles.com\/wp-content\/uploads\/2019\/08\/12357692_109490506092483_1082690539_a.jpg\" title=\"12357692_109490506092483_1082690539_a\" alt=\"12357692_109490506092483_1082690539_a\" \/>\n<p><b>Sophie Flaisler - Esth\u00e9ticienne<\/b><\/p>\n\n<p><strong>Son point de vue et son aide sont pr\u00e9cieuses. Elle sait \u00eatre \u00e0 l\u2019\u00e9coute et conseiller Jessica pour correspondre \u00e0 ses besoins!<\/strong><\/p>\n<a href=\"https:\/\/www.instagram.com\/__sonie__\/\" > Voir le site <\/a>\n<p><b>Anne Salani\u00e9 - Ost\u00e9opathe<\/b><\/p>\n\n<p><strong>Une femme attentive, \u00e0 l\u2019\u00e9coute des animaux mais aussi des personnes. Elle sait apaiser les chevaux ainsi que les inqui\u00e9tudes des propri\u00e9taires. <\/strong><\/p>\n<a href=\"https:\/\/www.facebook.com\/Anne-Salani\u00e9-ost\u00e9opathe-pour-animaux-114248032116512\/\" > Voir le site <\/a>\n<img src=\"http:\/\/harasdesisles.com\/wp-content\/uploads\/2019\/08\/salanie_anne_03018900_154241576-1024x921-400x359.jpg\" width=\"400\" title=\"salanie_anne_03018900_154241576\" alt=\"salanie_anne_03018900_154241576\" srcset=\"https:\/\/harasdesisles.com\/wp-content\/uploads\/2019\/08\/salanie_anne_03018900_154241576-1024x921-400x359.jpg 400w, https:\/\/harasdesisles.com\/wp-content\/uploads\/2019\/08\/salanie_anne_03018900_154241576-300x270.jpg 300w, https:\/\/harasdesisles.com\/wp-content\/uploads\/2019\/08\/salanie_anne_03018900_154241576-768x691.jpg 768w, https:\/\/harasdesisles.com\/wp-content\/uploads\/2019\/08\/salanie_anne_03018900_154241576.jpg 1024w\" sizes=\"(max-width: 400px) 100vw, 400px\" \/>","_links":{"self":[{"href":"https:\/\/harasdesisles.com\/index.php\/wp-json\/wp\/v2\/pages\/630"}],"collection":[{"href":"https:\/\/harasdesisles.com\/index.php\/wp-json\/wp\/v2\/pages"}],"about":[{"href":"https:\/\/harasdesisles.com\/index.php\/wp-json\/wp\/v2\/types\/page"}],"author":[{"embeddable":true,"href":"https:\/\/harasdesisles.com\/index.php\/wp-json\/wp\/v2\/users\/2"}],"replies":[{"embeddable":true,"href":"https:\/\/harasdesisles.com\/index.php\/wp-json\/wp\/v2\/comments?post=630"}],"version-history":[{"count":80,"href":"https:\/\/harasdesisles.com\/index.php\/wp-json\/wp\/v2\/pages\/630\/revisions"}],"predecessor-version":[{"id":2181,"href":"https:\/\/harasdesisles.com\/index.php\/wp-json\/wp\/v2\/pages\/630\/revisions\/2181"}],"wp:attachment":[{"href":"https:\/\/harasdesisles.com\/index.php\/wp-json\/wp\/v2\/media?parent=630"}],"curies":[{"name":"wp","href":"https:\/\/api.w.org\/{rel}","templated":true}]}}