{"id":49,"date":"2017-12-16T17:15:58","date_gmt":"2017-12-16T16:15:58","guid":{"rendered":"http:\/\/harasdesisles.com\/?page_id=49"},"modified":"2020-09-12T13:36:40","modified_gmt":"2020-09-12T11:36:40","slug":"la-famille","status":"publish","type":"page","link":"https:\/\/harasdesisles.com\/index.php\/la-famille\/","title":{"rendered":"La Famille"},"content":{"rendered":"\n<p><\/p>\n\n\n\n<p><\/p>\n\n\n<div id=\"themify_builder_content-49\" data-postid=\"49\" class=\"themify_builder_content themify_builder_content-49 themify_builder\">\n    \t<!-- module_row -->\n\t<div   class=\"themify_builder_row module_row clearfix repeat fullwidth_row_container module_row_0 themify_builder_49_row module_row_49-0 tb_1ung10\">\n\t    \t    <div class=\"row_inner col_align_top\" >\n\t\t\t<div  class=\"module_column tb-column col4-2 first tb_49_column module_column_0 module_column_49-0-0 tb_5dwc11 repeat\" >\n\t    \t    \t        <div class=\"tb-column-inner\">\n\t\t        <!-- module image -->\n    <div  class=\"module module-image tb_j1dz624  image-card-layout   hover-wow hover-animation-pulse wow pulse  auto_fullwidth\">\n\t                <div class=\"image-wrap\">\n                            <a href=\"http:\/\/harasdesisles.com\/index.php\/jessica-santanach\/\"\n                                      >\n                                           <img loading=\"lazy\" width=\"1400\" height=\"1000\" src=\"http:\/\/harasdesisles.com\/wp-content\/uploads\/2019\/08\/jess.jpg\" class=\" wp-post-image wp-image-403\" title=\"Jessica Santanach\" alt=\"Cavali\u00e8re\nApr\u00e8s ses \u00e9tudes d\u2019\u00e9conomies, Jessica a su montrer de la volont\u00e9 et de la motivation pour qu\u2019elle puisse int\u00e9grer avec l\u2019accord de ses parents, la formation BPJEPS mention \u00e9quitation. Une fois dipl\u00f4m\u00e9e d\u2019\u00c9tat, elle a voulu monter avec les grandes figures de l\u2019\u00e9quitation et elle sait tourner vers Carlos Pinto avec qui elle travaille depuis 2015.\" srcset=\"https:\/\/harasdesisles.com\/wp-content\/uploads\/2019\/08\/jess.jpg 1400w, https:\/\/harasdesisles.com\/wp-content\/uploads\/2019\/08\/jess-300x214.jpg 300w, https:\/\/harasdesisles.com\/wp-content\/uploads\/2019\/08\/jess-768x549.jpg 768w, https:\/\/harasdesisles.com\/wp-content\/uploads\/2019\/08\/jess-1024x731.jpg 1024w, https:\/\/harasdesisles.com\/wp-content\/uploads\/2019\/08\/jess-1024x731-880x628.jpg 880w, https:\/\/harasdesisles.com\/wp-content\/uploads\/2019\/08\/jess-1024x731-420x300.jpg 420w, https:\/\/harasdesisles.com\/wp-content\/uploads\/2019\/08\/jess-1024x731-280x200.jpg 280w\" sizes=\"(max-width: 1400px) 100vw, 1400px\" \/>                <\/a>\n            \n                        <\/div>\n            <!-- \/image-wrap -->\n        \n                    <div class=\"image-content\">\n                                    <h3 class=\"image-title\">\n                                                    <a href=\"http:\/\/harasdesisles.com\/index.php\/jessica-santanach\/\" \n                                                              >\n                                   Jessica Santanach                            <\/a>\n                                            <\/h3>\n                \n\t\t                    <div class=\"image-caption tb_text_wrap\">\n                        Cavali\u00e8re<br><br>\nApr\u00e8s ses \u00e9tudes d\u2019\u00e9conomies, Jessica a su montrer de la volont\u00e9 et de la motivation pour qu\u2019elle puisse int\u00e9grer avec l\u2019accord de ses parents, la formation BPJEPS mention \u00e9quitation. Une fois dipl\u00f4m\u00e9e d\u2019\u00c9tat, elle a voulu monter avec les grandes figures de l\u2019\u00e9quitation et elle sait tourner vers Carlos Pinto avec qui elle travaille depuis 2015.                 <\/div>\n                <!-- \/image-caption -->\n                            <\/div>\n            <!-- \/image-content -->\n        \n        <\/div>\n    <!-- \/module image -->\n\t        <\/div>\n\t    \t<\/div>\n\t\t<div  class=\"module_column tb-column col4-2 last tb_49_column module_column_1 module_column_49-0-1 tb_vfj0203\" >\n\t    \t    \t        <div class=\"tb-column-inner\">\n\t\t        <!-- module image -->\n    <div  class=\"module module-image tb_f2bf803  image-card-layout   hover-wow hover-animation-pulse wow pulse tb_gs30155d0  auto_fullwidth\">\n\t                <div class=\"image-wrap\">\n                            <img loading=\"lazy\" width=\"1400\" height=\"1000\" src=\"http:\/\/harasdesisles.com\/wp-content\/uploads\/2019\/08\/papa-1.jpg\" class=\" wp-post-image wp-image-309\" title=\"Pierre Santanach\" alt=\"Le batisseur \nUn homme courageux qui a de l\u2019or dans les mains, il a su les mettre au service de ses envies pour b\u00e2tir des b\u00e2timents tel que le man\u00e8ge...\" srcset=\"https:\/\/harasdesisles.com\/wp-content\/uploads\/2019\/08\/papa-1.jpg 1400w, https:\/\/harasdesisles.com\/wp-content\/uploads\/2019\/08\/papa-1-300x214.jpg 300w, https:\/\/harasdesisles.com\/wp-content\/uploads\/2019\/08\/papa-1-768x549.jpg 768w, https:\/\/harasdesisles.com\/wp-content\/uploads\/2019\/08\/papa-1-1024x731.jpg 1024w\" sizes=\"(max-width: 1400px) 100vw, 1400px\" \/>            \n                        <\/div>\n            <!-- \/image-wrap -->\n        \n                    <div class=\"image-content\">\n                                    <h3 class=\"image-title\">\n                                                    Pierre Santanach                                            <\/h3>\n                \n\t\t                    <div class=\"image-caption tb_text_wrap\">\n                        Le batisseur <br><br>\nUn homme courageux qui a de l\u2019or dans les mains, il a su les mettre au service de ses envies pour b\u00e2tir des b\u00e2timents tel que le man\u00e8ge&#8230;                 <\/div>\n                <!-- \/image-caption -->\n                            <\/div>\n            <!-- \/image-content -->\n        \n        <\/div>\n    <!-- \/module image -->\n\t        <\/div>\n\t    \t<\/div>\n\t\t    <\/div>\n\t    <!-- \/row_inner -->\n\t<\/div>\n\t<!-- \/module_row -->\n\t\t<!-- module_row -->\n\t<div   class=\"themify_builder_row module_row clearfix repeat fullwidth_row_container module_row_1 themify_builder_49_row module_row_49-1 tb_qra3741\">\n\t    \t    <div class=\"row_inner col_align_top\" >\n\t\t\t<div  class=\"module_column tb-column col2-1 first tb_49_column module_column_0 module_column_49-1-0 tb_ruoq742\">\n\t    \t    \t        <div class=\"tb-column-inner\">\n\t\t        <!-- module image -->\n    <div  class=\"module module-image tb_u5x7521  image-card-layout   hover-wow hover-animation-pulse wow pulse tb_gs30155d0  auto_fullwidth\">\n\t                <div class=\"image-wrap\">\n                            <img loading=\"lazy\" width=\"1400\" height=\"1000\" src=\"http:\/\/harasdesisles.com\/wp-content\/uploads\/2019\/08\/maman.jpg\" class=\" wp-post-image wp-image-377\" title=\"Sylvie Santanach\" alt=\"La Guerisseuse \nUne femme avant tout passionn\u00e9e par les animaux. Jeune elle r\u00eavait de grands espaces, de libert\u00e9 et de vivre heureuse entourer d\u2019animaux. De formation pharmacie puis institutrice elle a su acqu\u00e9rir compr\u00e9hension, bien \u00eatre et \u00e9coute aupr\u00e8s (gr\u00e2ce \u00e0 sa p\u00e9dagogie et \u00e0 son skjz), pour le mettre au service des animaux !\" srcset=\"https:\/\/harasdesisles.com\/wp-content\/uploads\/2019\/08\/maman.jpg 1400w, https:\/\/harasdesisles.com\/wp-content\/uploads\/2019\/08\/maman-300x214.jpg 300w, https:\/\/harasdesisles.com\/wp-content\/uploads\/2019\/08\/maman-768x549.jpg 768w, https:\/\/harasdesisles.com\/wp-content\/uploads\/2019\/08\/maman-1024x731.jpg 1024w\" sizes=\"(max-width: 1400px) 100vw, 1400px\" \/>            \n                        <\/div>\n            <!-- \/image-wrap -->\n        \n                    <div class=\"image-content\">\n                                    <h3 class=\"image-title\">\n                                                    Sylvie Santanach                                            <\/h3>\n                \n\t\t                    <div class=\"image-caption tb_text_wrap\">\n                        La Guerisseuse <br><br>\nUne femme avant tout passionn\u00e9e par les animaux. Jeune elle r\u00eavait de grands espaces, de libert\u00e9 et de vivre heureuse entourer d\u2019animaux. De formation pharmacie puis institutrice elle a su acqu\u00e9rir compr\u00e9hension, bien \u00eatre et \u00e9coute aupr\u00e8s (gr\u00e2ce \u00e0 sa p\u00e9dagogie et \u00e0 son skjz), pour le mettre au service des animaux !\n                <\/div>\n                <!-- \/image-caption -->\n                            <\/div>\n            <!-- \/image-content -->\n        \n        <\/div>\n    <!-- \/module image -->\n\t        <\/div>\n\t    \t<\/div>\n\t\t<div  class=\"module_column tb-column col2-1 last tb_49_column module_column_1 module_column_49-1-1 tb_99hv743\">\n\t    \t    \t        <div class=\"tb-column-inner\">\n\t\t        <!-- module image -->\n    <div  class=\"module module-image tb_8c4m534  image-card-layout   hover-wow hover-animation-pulse wow pulse tb_gs30155d0  auto_fullwidth\">\n\t                <div class=\"image-wrap\">\n                            <img loading=\"lazy\" width=\"1400\" height=\"1000\" src=\"http:\/\/harasdesisles.com\/wp-content\/uploads\/2019\/08\/baba1.jpg\" class=\" wp-post-image wp-image-408\" title=\"Jean-Baptiste Santanach\" alt=\"Le b\u00e2tisseur junior \nUn jeune homme plein d\u2019humour et tr\u00e8s sportif ! Il a aid\u00e9 et b\u00e2ti l\u2019ensemble des b\u00e2timents au c\u00f4t\u00e9 de son p\u00e8re Santanach Pierre. Non pas passionn\u00e9 par les chevaux mais plut\u00f4t par le golf, il a su soutenir et aimer sa famille au maximum de ses possibilit\u00e9s !\" srcset=\"https:\/\/harasdesisles.com\/wp-content\/uploads\/2019\/08\/baba1.jpg 1400w, https:\/\/harasdesisles.com\/wp-content\/uploads\/2019\/08\/baba1-300x214.jpg 300w, https:\/\/harasdesisles.com\/wp-content\/uploads\/2019\/08\/baba1-768x549.jpg 768w, https:\/\/harasdesisles.com\/wp-content\/uploads\/2019\/08\/baba1-1024x731.jpg 1024w\" sizes=\"(max-width: 1400px) 100vw, 1400px\" \/>            \n                        <\/div>\n            <!-- \/image-wrap -->\n        \n                    <div class=\"image-content\">\n                                    <h3 class=\"image-title\">\n                                                    Jean-Baptiste Santanach                                            <\/h3>\n                \n\t\t                    <div class=\"image-caption tb_text_wrap\">\n                        Le b\u00e2tisseur junior <br><br>\nUn jeune homme plein d\u2019humour et tr\u00e8s sportif ! Il a aid\u00e9 et b\u00e2ti l\u2019ensemble des b\u00e2timents au c\u00f4t\u00e9 de son p\u00e8re Santanach Pierre. Non pas passionn\u00e9 par les chevaux mais plut\u00f4t par le golf, il a su soutenir et aimer sa famille au maximum de ses possibilit\u00e9s !                <\/div>\n                <!-- \/image-caption -->\n                            <\/div>\n            <!-- \/image-content -->\n        \n        <\/div>\n    <!-- \/module image -->\n\t        <\/div>\n\t    \t<\/div>\n\t\t    <\/div>\n\t    <!-- \/row_inner -->\n\t<\/div>\n\t<!-- \/module_row -->\n\t\t<!-- module_row -->\n\t<div   class=\"themify_builder_row module_row clearfix fullwidth module_row_2 themify_builder_49_row module_row_49-2 tb_bc3x477\">\n\t    \t    <div class=\"row_inner col_align_top\" >\n\t\t\t<div  class=\"module_column tb-column col-full first tb_49_column module_column_0 module_column_49-2-0 tb_xhwg478\" >\n\t    \t    \t        <div class=\"tb-column-inner\">\n\t\t        <!-- module divider -->\n    <div  class=\"module module-divider tb_wjhl531 solid    \" style=\"border-width: 2px;border-color: #f1d9b8;\">\n\t            <\/div>\n    <!-- \/module divider -->\n<!-- module text -->\n<div  class=\"module module-text tb_sa2m309    \">\n            <div  class=\"tb_text_wrap\">\n    <h2 style=\"text-align: center;\">Et le reste de la famille&#8230;<\/h2>    <\/div>\n<\/div>\n<!-- \/module text -->\n    <!-- module gallery -->\n    <div  class=\"module gallery module-gallery tb_agmn933 gallery-columns-5  layout-grid   \">\n\t                \n    <dl class=\"gallery-item\">\n        <dt class=\"gallery-icon\">\n        <a data-title=\"no\" title=\"\" href=\"https:\/\/harasdesisles.com\/wp-content\/uploads\/2019\/08\/IMG_9410.jpg\"><img loading=\"lazy\" width=\"1024\" height=\"683\" src=\"https:\/\/harasdesisles.com\/wp-content\/uploads\/2019\/08\/IMG_9410-1024x683.jpg\" class=\" wp-post-image wp-image-1560\" title=\"IMG_9410\" alt=\"IMG_9410\" srcset=\"https:\/\/harasdesisles.com\/wp-content\/uploads\/2019\/08\/IMG_9410-1024x683.jpg 1024w, https:\/\/harasdesisles.com\/wp-content\/uploads\/2019\/08\/IMG_9410-1024x683-300x200.jpg 300w, https:\/\/harasdesisles.com\/wp-content\/uploads\/2019\/08\/IMG_9410-768x512.jpg 768w, https:\/\/harasdesisles.com\/wp-content\/uploads\/2019\/08\/IMG_9410-1024x683-449x300.jpg 449w, https:\/\/harasdesisles.com\/wp-content\/uploads\/2019\/08\/IMG_9410-1024x683-270x180.jpg 270w\" sizes=\"(max-width: 1024px) 100vw, 1024px\" \/><\/a>        <\/dt>\n        <dd>\n                                <\/dd>\n    <\/dl>\n\n\n    <dl class=\"gallery-item\">\n        <dt class=\"gallery-icon\">\n        <a data-title=\"no\" title=\"\" href=\"https:\/\/harasdesisles.com\/wp-content\/uploads\/2019\/08\/Harasdesisles_23.jpg\"><img loading=\"lazy\" width=\"1024\" height=\"683\" src=\"https:\/\/harasdesisles.com\/wp-content\/uploads\/2019\/08\/Harasdesisles_23-1024x683.jpg\" class=\" wp-post-image wp-image-1325\" title=\"Harasdesisles_23\" alt=\"Harasdesisles_23\" srcset=\"https:\/\/harasdesisles.com\/wp-content\/uploads\/2019\/08\/Harasdesisles_23-1024x683.jpg 1024w, https:\/\/harasdesisles.com\/wp-content\/uploads\/2019\/08\/Harasdesisles_23-1024x683-300x200.jpg 300w, https:\/\/harasdesisles.com\/wp-content\/uploads\/2019\/08\/Harasdesisles_23-768x512.jpg 768w, https:\/\/harasdesisles.com\/wp-content\/uploads\/2019\/08\/Harasdesisles_23-1024x683-449x300.jpg 449w\" sizes=\"(max-width: 1024px) 100vw, 1024px\" \/><\/a>        <\/dt>\n        <dd>\n                                <\/dd>\n    <\/dl>\n\n\n    <dl class=\"gallery-item\">\n        <dt class=\"gallery-icon\">\n        <a data-title=\"no\" title=\"\" href=\"https:\/\/harasdesisles.com\/wp-content\/uploads\/2019\/08\/Harasdesisles_28.jpg\"><img loading=\"lazy\" width=\"1024\" height=\"683\" src=\"https:\/\/harasdesisles.com\/wp-content\/uploads\/2019\/08\/Harasdesisles_28-1024x683.jpg\" class=\" wp-post-image wp-image-1326\" title=\"Harasdesisles_28\" alt=\"Harasdesisles_28\" srcset=\"https:\/\/harasdesisles.com\/wp-content\/uploads\/2019\/08\/Harasdesisles_28-1024x683.jpg 1024w, https:\/\/harasdesisles.com\/wp-content\/uploads\/2019\/08\/Harasdesisles_28-1024x683-300x200.jpg 300w, https:\/\/harasdesisles.com\/wp-content\/uploads\/2019\/08\/Harasdesisles_28-768x512.jpg 768w, https:\/\/harasdesisles.com\/wp-content\/uploads\/2019\/08\/Harasdesisles_28-1024x683-449x300.jpg 449w\" sizes=\"(max-width: 1024px) 100vw, 1024px\" \/><\/a>        <\/dt>\n        <dd>\n                                <\/dd>\n    <\/dl>\n\n\n    <dl class=\"gallery-item\">\n        <dt class=\"gallery-icon\">\n        <a data-title=\"no\" title=\"\" href=\"https:\/\/harasdesisles.com\/wp-content\/uploads\/2019\/08\/Harasdesisles_22.jpg\"><img loading=\"lazy\" width=\"1024\" height=\"683\" src=\"https:\/\/harasdesisles.com\/wp-content\/uploads\/2019\/08\/Harasdesisles_22-1024x683.jpg\" class=\" wp-post-image wp-image-1324\" title=\"Harasdesisles_22\" alt=\"Harasdesisles_22\" srcset=\"https:\/\/harasdesisles.com\/wp-content\/uploads\/2019\/08\/Harasdesisles_22-1024x683.jpg 1024w, https:\/\/harasdesisles.com\/wp-content\/uploads\/2019\/08\/Harasdesisles_22-1024x683-300x200.jpg 300w, https:\/\/harasdesisles.com\/wp-content\/uploads\/2019\/08\/Harasdesisles_22-768x512.jpg 768w, https:\/\/harasdesisles.com\/wp-content\/uploads\/2019\/08\/Harasdesisles_22-1024x683-449x300.jpg 449w\" sizes=\"(max-width: 1024px) 100vw, 1024px\" \/><\/a>        <\/dt>\n        <dd>\n                                <\/dd>\n    <\/dl>\n\n\n    <dl class=\"gallery-item\">\n        <dt class=\"gallery-icon\">\n        <a data-title=\"no\" title=\"\" href=\"https:\/\/harasdesisles.com\/wp-content\/uploads\/2019\/08\/Harasdesisles_34.jpg\"><img loading=\"lazy\" width=\"1024\" height=\"683\" src=\"https:\/\/harasdesisles.com\/wp-content\/uploads\/2019\/08\/Harasdesisles_34-1024x683.jpg\" class=\" wp-post-image wp-image-1328\" title=\"Harasdesisles_34\" alt=\"Harasdesisles_34\" srcset=\"https:\/\/harasdesisles.com\/wp-content\/uploads\/2019\/08\/Harasdesisles_34-1024x683.jpg 1024w, https:\/\/harasdesisles.com\/wp-content\/uploads\/2019\/08\/Harasdesisles_34-1024x683-300x200.jpg 300w, https:\/\/harasdesisles.com\/wp-content\/uploads\/2019\/08\/Harasdesisles_34-768x512.jpg 768w, https:\/\/harasdesisles.com\/wp-content\/uploads\/2019\/08\/Harasdesisles_34-1024x683-449x300.jpg 449w\" sizes=\"(max-width: 1024px) 100vw, 1024px\" \/><\/a>        <\/dt>\n        <dd>\n                                <\/dd>\n    <\/dl>\n\n<br style=\"clear: both\" \/>\n\n    <\/div>\n    <!-- \/module gallery -->\n\t        <\/div>\n\t    \t<\/div>\n\t\t    <\/div>\n\t    <!-- \/row_inner -->\n\t<\/div>\n\t<!-- \/module_row -->\n\t<\/div>\n\n<!-- AddThis Advanced Settings generic via filter on the_content --><!-- AddThis Share Buttons generic via filter on the_content -->","protected":false},"excerpt":{"rendered":"<p><!-- AddThis Advanced Settings generic via filter on get_the_excerpt --><!-- AddThis Share Buttons generic via filter on get_the_excerpt --><\/p>\n","protected":false},"author":2,"featured_media":0,"parent":0,"menu_order":0,"comment_status":"closed","ping_status":"closed","template":"","meta":{"spay_email":""},"yoast_head":"<!-- This site is optimized with the Yoast SEO plugin v16.5 - https:\/\/yoast.com\/wordpress\/plugins\/seo\/ -->\n<title>La Famille - Haras des Isles<\/title>\n<meta name=\"description\" content=\"Le Haras des Isles est une \u00e9curie de propri\u00e9taire, familiale et chaleureuse.\" \/>\n<meta name=\"robots\" content=\"index, follow, max-snippet:-1, max-image-preview:large, max-video-preview:-1\" \/>\n<link rel=\"canonical\" href=\"https:\/\/harasdesisles.com\/index.php\/la-famille\/\" \/>\n<meta property=\"og:locale\" content=\"fr_FR\" \/>\n<meta property=\"og:type\" content=\"article\" \/>\n<meta property=\"og:title\" content=\"La Famille - Haras des Isles\" \/>\n<meta property=\"og:description\" content=\"Le Haras des Isles est une \u00e9curie de propri\u00e9taire, familiale et chaleureuse.\" \/>\n<meta property=\"og:url\" content=\"https:\/\/harasdesisles.com\/index.php\/la-famille\/\" \/>\n<meta property=\"og:site_name\" content=\"Haras des Isles\" \/>\n<meta property=\"article:modified_time\" content=\"2020-09-12T11:36:40+00:00\" \/>\n<meta name=\"twitter:card\" content=\"summary_large_image\" \/>\n<script type=\"application\/ld+json\" class=\"yoast-schema-graph\">{\"@context\":\"https:\/\/schema.org\",\"@graph\":[{\"@type\":\"WebSite\",\"@id\":\"https:\/\/harasdesisles.com\/#website\",\"url\":\"https:\/\/harasdesisles.com\/\",\"name\":\"Haras des Isles\",\"description\":\"Haras des Isles\",\"potentialAction\":[{\"@type\":\"SearchAction\",\"target\":\"https:\/\/harasdesisles.com\/?s={search_term_string}\",\"query-input\":\"required name=search_term_string\"}],\"inLanguage\":\"fr-FR\"},{\"@type\":\"WebPage\",\"@id\":\"https:\/\/harasdesisles.com\/index.php\/la-famille\/#webpage\",\"url\":\"https:\/\/harasdesisles.com\/index.php\/la-famille\/\",\"name\":\"La Famille - Haras des Isles\",\"isPartOf\":{\"@id\":\"https:\/\/harasdesisles.com\/#website\"},\"datePublished\":\"2017-12-16T16:15:58+00:00\",\"dateModified\":\"2020-09-12T11:36:40+00:00\",\"description\":\"Le Haras des Isles est une \\u00e9curie de propri\\u00e9taire, familiale et chaleureuse.\",\"breadcrumb\":{\"@id\":\"https:\/\/harasdesisles.com\/index.php\/la-famille\/#breadcrumb\"},\"inLanguage\":\"fr-FR\",\"potentialAction\":[{\"@type\":\"ReadAction\",\"target\":[\"https:\/\/harasdesisles.com\/index.php\/la-famille\/\"]}]},{\"@type\":\"BreadcrumbList\",\"@id\":\"https:\/\/harasdesisles.com\/index.php\/la-famille\/#breadcrumb\",\"itemListElement\":[{\"@type\":\"ListItem\",\"position\":1,\"name\":\"Accueil\",\"item\":\"https:\/\/harasdesisles.com\/\"},{\"@type\":\"ListItem\",\"position\":2,\"name\":\"La Famille\"}]}]}<\/script>\n<!-- \/ Yoast SEO plugin. -->","builder_content":"<a href=\"http:\/\/harasdesisles.com\/index.php\/jessica-santanach\/\" > <img loading=\"lazy\" width=\"1400\" height=\"1000\" src=\"http:\/\/harasdesisles.com\/wp-content\/uploads\/2019\/08\/jess.jpg\" title=\"Jessica Santanach\" alt=\"Cavali\u00e8re Apr\u00e8s ses \u00e9tudes d\u2019\u00e9conomies, Jessica a su montrer de la volont\u00e9 et de la motivation pour qu\u2019elle puisse int\u00e9grer avec l\u2019accord de ses parents, la formation BPJEPS mention \u00e9quitation. Une fois dipl\u00f4m\u00e9e d\u2019\u00c9tat, elle a voulu monter avec les grandes figures de l\u2019\u00e9quitation et elle sait tourner vers Carlos Pinto avec qui elle travaille depuis 2015.\" srcset=\"https:\/\/harasdesisles.com\/wp-content\/uploads\/2019\/08\/jess.jpg 1400w, https:\/\/harasdesisles.com\/wp-content\/uploads\/2019\/08\/jess-300x214.jpg 300w, https:\/\/harasdesisles.com\/wp-content\/uploads\/2019\/08\/jess-768x549.jpg 768w, https:\/\/harasdesisles.com\/wp-content\/uploads\/2019\/08\/jess-1024x731.jpg 1024w, https:\/\/harasdesisles.com\/wp-content\/uploads\/2019\/08\/jess-1024x731-880x628.jpg 880w, https:\/\/harasdesisles.com\/wp-content\/uploads\/2019\/08\/jess-1024x731-420x300.jpg 420w, https:\/\/harasdesisles.com\/wp-content\/uploads\/2019\/08\/jess-1024x731-280x200.jpg 280w\" sizes=\"(max-width: 1400px) 100vw, 1400px\" \/> <\/a> <h3> <a href=\"http:\/\/harasdesisles.com\/index.php\/jessica-santanach\/\" > Jessica Santanach <\/a> <\/h3> Cavali\u00e8re<br><br> Apr\u00e8s ses \u00e9tudes d\u2019\u00e9conomies, Jessica a su montrer de la volont\u00e9 et de la motivation pour qu\u2019elle puisse int\u00e9grer avec l\u2019accord de ses parents, la formation BPJEPS mention \u00e9quitation. Une fois dipl\u00f4m\u00e9e d\u2019\u00c9tat, elle a voulu monter avec les grandes figures de l\u2019\u00e9quitation et elle sait tourner vers Carlos Pinto avec qui elle travaille depuis 2015.\n<img loading=\"lazy\" width=\"1400\" height=\"1000\" src=\"http:\/\/harasdesisles.com\/wp-content\/uploads\/2019\/08\/papa-1.jpg\" title=\"Pierre Santanach\" alt=\"Le batisseur Un homme courageux qui a de l\u2019or dans les mains, il a su les mettre au service de ses envies pour b\u00e2tir des b\u00e2timents tel que le man\u00e8ge...\" srcset=\"https:\/\/harasdesisles.com\/wp-content\/uploads\/2019\/08\/papa-1.jpg 1400w, https:\/\/harasdesisles.com\/wp-content\/uploads\/2019\/08\/papa-1-300x214.jpg 300w, https:\/\/harasdesisles.com\/wp-content\/uploads\/2019\/08\/papa-1-768x549.jpg 768w, https:\/\/harasdesisles.com\/wp-content\/uploads\/2019\/08\/papa-1-1024x731.jpg 1024w\" sizes=\"(max-width: 1400px) 100vw, 1400px\" \/> <h3> Pierre Santanach <\/h3> Le batisseur <br><br> Un homme courageux qui a de l\u2019or dans les mains, il a su les mettre au service de ses envies pour b\u00e2tir des b\u00e2timents tel que le man\u00e8ge...\n<img loading=\"lazy\" width=\"1400\" height=\"1000\" src=\"http:\/\/harasdesisles.com\/wp-content\/uploads\/2019\/08\/maman.jpg\" title=\"Sylvie Santanach\" alt=\"La Guerisseuse Une femme avant tout passionn\u00e9e par les animaux. Jeune elle r\u00eavait de grands espaces, de libert\u00e9 et de vivre heureuse entourer d\u2019animaux. De formation pharmacie puis institutrice elle a su acqu\u00e9rir compr\u00e9hension, bien \u00eatre et \u00e9coute aupr\u00e8s (gr\u00e2ce \u00e0 sa p\u00e9dagogie et \u00e0 son skjz), pour le mettre au service des animaux !\" srcset=\"https:\/\/harasdesisles.com\/wp-content\/uploads\/2019\/08\/maman.jpg 1400w, https:\/\/harasdesisles.com\/wp-content\/uploads\/2019\/08\/maman-300x214.jpg 300w, https:\/\/harasdesisles.com\/wp-content\/uploads\/2019\/08\/maman-768x549.jpg 768w, https:\/\/harasdesisles.com\/wp-content\/uploads\/2019\/08\/maman-1024x731.jpg 1024w\" sizes=\"(max-width: 1400px) 100vw, 1400px\" \/> <h3> Sylvie Santanach <\/h3> La Guerisseuse <br><br> Une femme avant tout passionn\u00e9e par les animaux. Jeune elle r\u00eavait de grands espaces, de libert\u00e9 et de vivre heureuse entourer d\u2019animaux. De formation pharmacie puis institutrice elle a su acqu\u00e9rir compr\u00e9hension, bien \u00eatre et \u00e9coute aupr\u00e8s (gr\u00e2ce \u00e0 sa p\u00e9dagogie et \u00e0 son skjz), pour le mettre au service des animaux !\n<img loading=\"lazy\" width=\"1400\" height=\"1000\" src=\"http:\/\/harasdesisles.com\/wp-content\/uploads\/2019\/08\/baba1.jpg\" title=\"Jean-Baptiste Santanach\" alt=\"Le b\u00e2tisseur junior Un jeune homme plein d\u2019humour et tr\u00e8s sportif ! Il a aid\u00e9 et b\u00e2ti l\u2019ensemble des b\u00e2timents au c\u00f4t\u00e9 de son p\u00e8re Santanach Pierre. Non pas passionn\u00e9 par les chevaux mais plut\u00f4t par le golf, il a su soutenir et aimer sa famille au maximum de ses possibilit\u00e9s !\" srcset=\"https:\/\/harasdesisles.com\/wp-content\/uploads\/2019\/08\/baba1.jpg 1400w, https:\/\/harasdesisles.com\/wp-content\/uploads\/2019\/08\/baba1-300x214.jpg 300w, https:\/\/harasdesisles.com\/wp-content\/uploads\/2019\/08\/baba1-768x549.jpg 768w, https:\/\/harasdesisles.com\/wp-content\/uploads\/2019\/08\/baba1-1024x731.jpg 1024w\" sizes=\"(max-width: 1400px) 100vw, 1400px\" \/> <h3> Jean-Baptiste Santanach <\/h3> Le b\u00e2tisseur junior <br><br> Un jeune homme plein d\u2019humour et tr\u00e8s sportif ! Il a aid\u00e9 et b\u00e2ti l\u2019ensemble des b\u00e2timents au c\u00f4t\u00e9 de son p\u00e8re Santanach Pierre. Non pas passionn\u00e9 par les chevaux mais plut\u00f4t par le golf, il a su soutenir et aimer sa famille au maximum de ses possibilit\u00e9s !\n\n<h2 style=\"text-align: center;\">Et le reste de la famille...<\/h2>\n[gallery columns=\"1\" ids=\"1560,1325,1326,1324,1328\"]","_links":{"self":[{"href":"https:\/\/harasdesisles.com\/index.php\/wp-json\/wp\/v2\/pages\/49"}],"collection":[{"href":"https:\/\/harasdesisles.com\/index.php\/wp-json\/wp\/v2\/pages"}],"about":[{"href":"https:\/\/harasdesisles.com\/index.php\/wp-json\/wp\/v2\/types\/page"}],"author":[{"embeddable":true,"href":"https:\/\/harasdesisles.com\/index.php\/wp-json\/wp\/v2\/users\/2"}],"replies":[{"embeddable":true,"href":"https:\/\/harasdesisles.com\/index.php\/wp-json\/wp\/v2\/comments?post=49"}],"version-history":[{"count":221,"href":"https:\/\/harasdesisles.com\/index.php\/wp-json\/wp\/v2\/pages\/49\/revisions"}],"predecessor-version":[{"id":3179,"href":"https:\/\/harasdesisles.com\/index.php\/wp-json\/wp\/v2\/pages\/49\/revisions\/3179"}],"wp:attachment":[{"href":"https:\/\/harasdesisles.com\/index.php\/wp-json\/wp\/v2\/media?parent=49"}],"curies":[{"name":"wp","href":"https:\/\/api.w.org\/{rel}","templated":true}]}}