{"id":1183,"date":"2019-08-21T15:40:46","date_gmt":"2019-08-21T13:40:46","guid":{"rendered":"http:\/\/harasdesisles.com\/index.php\/pensions-standard-copy-copy\/"},"modified":"2022-05-13T10:58:45","modified_gmt":"2022-05-13T08:58:45","slug":"pensions-sport","status":"publish","type":"page","link":"https:\/\/harasdesisles.com\/index.php\/pensions-sport\/","title":{"rendered":"Cours &#038; Comp\u00e9tition"},"content":{"rendered":"\n<p><\/p>\n\n\n<div id=\"themify_builder_content-1183\" data-postid=\"1183\" class=\"themify_builder_content themify_builder_content-1183 themify_builder\">\n    \t<!-- module_row -->\n\t<div   class=\"themify_builder_row module_row clearfix builder-parallax-scrolling fullwidth module_row_0 themify_builder_1183_row module_row_1183-0 tb_o36u978\">\n\t    \t    <div class=\"row_inner col_align_top\" >\n\t\t\t<div  class=\"module_column tb-column col4-2 first tb_1183_column module_column_0 module_column_1183-0-0 tb_px90982 builder-parallax-scrolling\" >\n\t    \t    \t        <div class=\"tb-column-inner\">\n\t\t    <!-- module text -->\n<div  class=\"module module-text tb_44al554  repeat  \">\n            <div  class=\"tb_text_wrap\">\n    <p style=\"text-align: center;\">Cours &amp; Comp\u00e9tition<\/p>    <\/div>\n<\/div>\n<!-- \/module text -->\n\t        <\/div>\n\t    \t<\/div>\n\t\t<div  class=\"module_column tb-column col4-2 last tb_1183_column module_column_1 module_column_1183-0-1 tb_uglq329\">\n\t    \t    \t<\/div>\n\t\t    <\/div>\n\t    <!-- \/row_inner -->\n\t<\/div>\n\t<!-- \/module_row -->\n\t\t<!-- module_row -->\n\t<div   class=\"themify_builder_row module_row clearfix repeat fullwidth module_row_1 themify_builder_1183_row module_row_1183-1 tb_5i7q519\">\n\t    \t    <div class=\"row_inner col_align_top gutter-none\" >\n\t\t\t<div  class=\"module_column tb-column col3-1 first tb_1183_column module_column_0 module_column_1183-1-0 tb_kj8k519 repeat\" >\n\t    \t    \t        <div class=\"tb-column-inner\">\n\t\t        <!-- module icon -->\n    <div  class=\"module module-icon tb_gbnz519  xlarge none icon_horizontal icon_position_center \">\n\t        \t<div class=\"module-icon\">\n                            <div class=\"module-icon-item\">\n                                                                        <i class=\"fas fa-campground ui gray\"><\/i>\n                                                                                        <\/div>\n                    <\/div>\n    <\/div>\n    <!-- \/module icon -->\n<!-- module text -->\n<div  class=\"module module-text tb_aa8i831    \">\n            <div  class=\"tb_text_wrap\">\n    <h2 style=\"text-align: center;\"><span style=\"font-size: 28px;\"><strong>Cours <\/strong><strong>&amp; <\/strong><strong>longe<\/strong><\/span><\/h2>    <\/div>\n<\/div>\n<!-- \/module text -->\n\t        <\/div>\n\t    \t<\/div>\n\t\t<div  class=\"module_column tb-column col3-2 last tb_1183_column module_column_1 module_column_1183-1-1 tb_7dkc519 repeat\" >\n\t    \t    \t        <div class=\"tb-column-inner\">\n\t\t    <!-- module text -->\n<div  class=\"module module-text tb_6ous83    \">\n            <div  class=\"tb_text_wrap\">\n    <p><span style=\"font-size: 20px;\"><span style=\"font-size: 24px;\"><strong>Dressage<\/strong><\/span><u><\/u><\/span><\/p>\n<p><span style=\"font-size: 20px;\">+ Longe ou s\u00e9ance mont\u00e9e\u00a0: de <strong>25 \u20ac<\/strong> \u00e0\u00a0<strong>50 \u20ac<br \/><\/strong><\/span><span style=\"font-size: 20px;\">+ Cours particulier : de\u00a0<strong>50 \u20ac <\/strong>\u00e0<strong> 80 \u20ac<\/strong><br \/><\/span><span style=\"font-size: 20px;\">+ Cours sur cheval d&rsquo;\u00e9cole : <strong>90 \u20ac<br \/><\/strong><\/span><span style=\"font-size: 20px;\">+ Acc\u00e8s cavalier ext\u00e9rieur : <strong>15 \u20ac<\/strong><\/span><\/p>    <\/div>\n<\/div>\n<!-- \/module text -->\n\t        <\/div>\n\t    \t<\/div>\n\t\t    <\/div>\n\t    <!-- \/row_inner -->\n\t<\/div>\n\t<!-- \/module_row -->\n\t\t<!-- module_row -->\n\t<div   class=\"themify_builder_row module_row clearfix fullwidth module_row_2 themify_builder_1183_row module_row_1183-2 tb_10y4108\">\n\t    \t    <div class=\"row_inner col_align_top gutter-none\" >\n\t\t\t<div  class=\"module_column tb-column col3-2 first tb_1183_column module_column_0 module_column_1183-2-0 tb_9rto112 repeat\" style=\"width: 69%\" >\n\t    \t    \t        <div class=\"tb-column-inner\">\n\t\t    \t<div  class=\"themify_builder_sub_row module_subrow clearfix sub_row_2-0-0 tb_te3i122\">\n\t    \t    <div class=\"subrow_inner gutter-narrow col_align_top\" >\n\t\t\t<div  class=\"sub_column module_column col3-1 first sub_column_post_1183 sub_column_2-0-0-0 tb_tdux123\"> \n\t    \t    \t        <div class=\"tb-column-inner\">\n\t\t    <!-- module text -->\n<div  class=\"module module-text tb_a0j9544    \">\n            <div  class=\"tb_text_wrap\">\n    <p><span style=\"font-size: 20px;\"><span style=\"font-size: 24px;\"><strong>Dressage<\/strong><\/span>\u00a0<br \/>\u00a0<br \/>Coaching et debrifing : <br \/><strong>50 \u20ac \/ Reprise<\/strong><\/span><\/p>    <\/div>\n<\/div>\n<!-- \/module text -->\n\t        <\/div>\n\t    \t<\/div>\n\t\t<div  class=\"sub_column module_column col3-1 middle sub_column_post_1183 sub_column_2-0-0-1 tb_z7z8124\"> \n\t    \t    \t        <div class=\"tb-column-inner\">\n\t\t    <!-- module text -->\n<div  class=\"module module-text tb_kkeb291    \">\n            <div  class=\"tb_text_wrap\">\n    <p><span style=\"font-size: 24px;\"><strong>CSO<\/strong><\/span><\/p>\n<p><span style=\"font-size: 20px;\">+ Coaching 1 parcours : <strong>50 \u20ac<br \/><\/strong><\/span><span style=\"font-size: 20px;\">+ Coaching 2 parcours : <strong>75 \u20ac<\/strong><\/span><br \/><span style=\"font-size: 20px;\"><em>(le m\u00eame jour)<\/em><\/span><\/p>    <\/div>\n<\/div>\n<!-- \/module text -->\n\t        <\/div>\n\t    \t<\/div>\n\t\t<div  class=\"sub_column module_column col3-1 last sub_column_post_1183 sub_column_2-0-0-2 tb_55nd124\" > \n\t    \t    \t<\/div>\n\t\t    <\/div>\n\t<\/div><!-- \/themify_builder_sub_row -->\n\t<!-- module text -->\n<div  class=\"module module-text tb_5aeh767    \">\n            <div  class=\"tb_text_wrap\">\n    <p style=\"text-align: left;\"><span style=\"font-size: 16px;\"><em>Transport : tarif sur demande<\/em><\/span><\/p>    <\/div>\n<\/div>\n<!-- \/module text -->\n\t        <\/div>\n\t    \t<\/div>\n\t\t<div  class=\"module_column tb-column col3-1 last tb_1183_column module_column_1 module_column_1183-2-1 tb_pl3960 repeat\" style=\"width: 31%\" >\n\t    \t    \t        <div class=\"tb-column-inner\">\n\t\t        <!-- module icon -->\n    <div  class=\"module module-icon tb_v464519  xlarge none icon_horizontal icon_position_center \">\n\t        \t<div class=\"module-icon\">\n                            <div class=\"module-icon-item\">\n                                                                        <i class=\"fas fa-cloud-sun ui gray\"><\/i>\n                                                                                        <\/div>\n                    <\/div>\n    <\/div>\n    <!-- \/module icon -->\n<!-- module text -->\n<div  class=\"module module-text tb_on2d32    \">\n            <div  class=\"tb_text_wrap\">\n    <h2 style=\"text-align: center;\"><span style=\"font-size: 28px;\">Comp\u00e9tition &amp; transport<\/span><\/h2>    <\/div>\n<\/div>\n<!-- \/module text -->\n\t        <\/div>\n\t    \t<\/div>\n\t\t    <\/div>\n\t    <!-- \/row_inner -->\n\t<\/div>\n\t<!-- \/module_row -->\n\t<\/div>\n\n<!-- AddThis Advanced Settings generic via filter on the_content --><!-- AddThis Share Buttons generic via filter on the_content -->","protected":false},"excerpt":{"rendered":"<p>Cours &amp; Comp\u00e9tition Cours &amp; longe Dressage + Longe ou s\u00e9ance mont\u00e9e\u00a0: de 25 \u20ac \u00e0\u00a050 \u20ac+ Cours particulier : de\u00a050 \u20ac \u00e0 80 \u20ac+ Cours sur cheval d&rsquo;\u00e9cole : 90 \u20ac+ Acc\u00e8s cavalier ext\u00e9rieur : 15 \u20ac Dressage\u00a0\u00a0Coaching et debrifing : 50 \u20ac \/ Reprise CSO + Coaching 1 parcours : 50 \u20ac+ Coaching [&hellip;]<!-- AddThis Advanced Settings generic via filter on get_the_excerpt --><!-- AddThis Share Buttons generic via filter on get_the_excerpt --><\/p>\n","protected":false},"author":2,"featured_media":0,"parent":0,"menu_order":0,"comment_status":"closed","ping_status":"closed","template":"","meta":{"spay_email":""},"yoast_head":"<!-- This site is optimized with the Yoast SEO plugin v16.5 - https:\/\/yoast.com\/wordpress\/plugins\/seo\/ -->\n<title>Cours &amp; Comp\u00e9tition - Haras des Isles<\/title>\n<meta name=\"robots\" content=\"index, follow, max-snippet:-1, max-image-preview:large, max-video-preview:-1\" \/>\n<link rel=\"canonical\" href=\"https:\/\/harasdesisles.com\/index.php\/pensions-sport\/\" \/>\n<meta property=\"og:locale\" content=\"fr_FR\" \/>\n<meta property=\"og:type\" content=\"article\" \/>\n<meta property=\"og:title\" content=\"Cours &amp; Comp\u00e9tition - Haras des Isles\" \/>\n<meta property=\"og:description\" content=\"Cours &amp; Comp\u00e9tition Cours &amp; longe Dressage + Longe ou s\u00e9ance mont\u00e9e\u00a0: de 25 \u20ac \u00e0\u00a050 \u20ac+ Cours particulier : de\u00a050 \u20ac \u00e0 80 \u20ac+ Cours sur cheval d&rsquo;\u00e9cole : 90 \u20ac+ Acc\u00e8s cavalier ext\u00e9rieur : 15 \u20ac Dressage\u00a0\u00a0Coaching et debrifing : 50 \u20ac \/ Reprise CSO + Coaching 1 parcours : 50 \u20ac+ Coaching [&hellip;]\" \/>\n<meta property=\"og:url\" content=\"https:\/\/harasdesisles.com\/index.php\/pensions-sport\/\" \/>\n<meta property=\"og:site_name\" content=\"Haras des Isles\" \/>\n<meta property=\"article:modified_time\" content=\"2022-05-13T08:58:45+00:00\" \/>\n<meta name=\"twitter:card\" content=\"summary_large_image\" \/>\n<script type=\"application\/ld+json\" class=\"yoast-schema-graph\">{\"@context\":\"https:\/\/schema.org\",\"@graph\":[{\"@type\":\"WebSite\",\"@id\":\"https:\/\/harasdesisles.com\/#website\",\"url\":\"https:\/\/harasdesisles.com\/\",\"name\":\"Haras des Isles\",\"description\":\"Haras des Isles\",\"potentialAction\":[{\"@type\":\"SearchAction\",\"target\":\"https:\/\/harasdesisles.com\/?s={search_term_string}\",\"query-input\":\"required name=search_term_string\"}],\"inLanguage\":\"fr-FR\"},{\"@type\":\"WebPage\",\"@id\":\"https:\/\/harasdesisles.com\/index.php\/pensions-sport\/#webpage\",\"url\":\"https:\/\/harasdesisles.com\/index.php\/pensions-sport\/\",\"name\":\"Cours & Comp\\u00e9tition - Haras des Isles\",\"isPartOf\":{\"@id\":\"https:\/\/harasdesisles.com\/#website\"},\"datePublished\":\"2019-08-21T13:40:46+00:00\",\"dateModified\":\"2022-05-13T08:58:45+00:00\",\"breadcrumb\":{\"@id\":\"https:\/\/harasdesisles.com\/index.php\/pensions-sport\/#breadcrumb\"},\"inLanguage\":\"fr-FR\",\"potentialAction\":[{\"@type\":\"ReadAction\",\"target\":[\"https:\/\/harasdesisles.com\/index.php\/pensions-sport\/\"]}]},{\"@type\":\"BreadcrumbList\",\"@id\":\"https:\/\/harasdesisles.com\/index.php\/pensions-sport\/#breadcrumb\",\"itemListElement\":[{\"@type\":\"ListItem\",\"position\":1,\"name\":\"Accueil\",\"item\":\"https:\/\/harasdesisles.com\/\"},{\"@type\":\"ListItem\",\"position\":2,\"name\":\"Cours &#038; Comp\\u00e9tition\"}]}]}<\/script>\n<!-- \/ Yoast SEO plugin. -->","builder_content":"<p style=\"text-align: center;\">Cours &amp; Comp\u00e9tition<\/p>\n\n<h2 style=\"text-align: center;\"><strong>Cours <\/strong><strong>&amp; <\/strong><strong>longe<\/strong><\/h2>\n<p><strong>Dressage<\/strong><u><\/u><\/p> <p>+ Longe ou s\u00e9ance mont\u00e9e\u00a0: de <strong>25 \u20ac<\/strong> \u00e0\u00a0<strong>50 \u20ac<br \/><\/strong>+ Cours particulier : de\u00a0<strong>50 \u20ac <\/strong>\u00e0<strong> 80 \u20ac<\/strong><br \/>+ Cours sur cheval d'\u00e9cole : <strong>90 \u20ac<br \/><\/strong>+ Acc\u00e8s cavalier ext\u00e9rieur : <strong>15 \u20ac<\/strong><\/p>\n<p><strong>Dressage<\/strong>\u00a0<br \/>\u00a0<br \/>Coaching et debrifing : <br \/><strong>50 \u20ac \/ Reprise<\/strong><\/p>\n<p><strong>CSO<\/strong><\/p> <p>+ Coaching 1 parcours : <strong>50 \u20ac<br \/><\/strong>+ Coaching 2 parcours : <strong>75 \u20ac<\/strong><br \/><em>(le m\u00eame jour)<\/em><\/p>\n<p style=\"text-align: left;\"><em>Transport : tarif sur demande<\/em><\/p>\n\n<h2 style=\"text-align: center;\">Comp\u00e9tition &amp; transport<\/h2>","_links":{"self":[{"href":"https:\/\/harasdesisles.com\/index.php\/wp-json\/wp\/v2\/pages\/1183"}],"collection":[{"href":"https:\/\/harasdesisles.com\/index.php\/wp-json\/wp\/v2\/pages"}],"about":[{"href":"https:\/\/harasdesisles.com\/index.php\/wp-json\/wp\/v2\/types\/page"}],"author":[{"embeddable":true,"href":"https:\/\/harasdesisles.com\/index.php\/wp-json\/wp\/v2\/users\/2"}],"replies":[{"embeddable":true,"href":"https:\/\/harasdesisles.com\/index.php\/wp-json\/wp\/v2\/comments?post=1183"}],"version-history":[{"count":122,"href":"https:\/\/harasdesisles.com\/index.php\/wp-json\/wp\/v2\/pages\/1183\/revisions"}],"predecessor-version":[{"id":3359,"href":"https:\/\/harasdesisles.com\/index.php\/wp-json\/wp\/v2\/pages\/1183\/revisions\/3359"}],"wp:attachment":[{"href":"https:\/\/harasdesisles.com\/index.php\/wp-json\/wp\/v2\/media?parent=1183"}],"curies":[{"name":"wp","href":"https:\/\/api.w.org\/{rel}","templated":true}]}}